{"id":1735,"date":"2015-01-27T18:41:32","date_gmt":"2015-01-27T17:41:32","guid":{"rendered":"https:\/\/ilgiardinodeitarocchi.smart-soluce.com\/?page_id=1735"},"modified":"2025-01-29T15:50:08","modified_gmt":"2025-01-29T14:50:08","slug":"visit","status":"publish","type":"page","link":"https:\/\/ilgiardinodeitarocchi.it\/de\/visit\/","title":{"rendered":"Besuchen"},"content":{"rendered":"<h1 class=\"wp-block-heading\">Die Info<br \/>___<\/h1>\n<p><span style=\"text-decoration: underline;\"><strong>Nur der Online-Kauf von Tickets garantiert den Eintritt in den Tarot-Garten.   Kaufen <a href=\"https:\/\/www.ticketlandia.com\/m\/il-giardino-dei-tarocchi\" target=\"_blank\" rel=\"noopener\">TICKETS ONLINE<\/a><\/strong> <\/span><\/p>\n<p>Um eine gute Erhaltung der Kunstwerke zu gew\u00e4hrleisten, ist die maximale t\u00e4gliche Besucherzahl begrenzt. Wir empfehlen dringend den Online-Kauf von Tickets, auch f\u00fcr Gruppen, Schulen und Freikarten.<\/p>\n<p><strong>Datum und Uhrzeit der \u00d6ffnung:<\/strong><br \/>- vom 1. April bis zum 15. Oktober, t\u00e4glich<br \/>\u2013 von 14:30 bis 19:30 Uhr, letzter Einlass um 18:15 Uhr<\/p>\n<p>\u2013 Eintrittskarten gelten nur f\u00fcr das gew\u00e4hlte Datum und Zeitfenster, der Zutritt zum Garten zu anderen Zeiten und Daten kann verweigert werden,<br \/>\u2013 Tickets k\u00f6nnen nicht ge\u00e4ndert oder erstattet werden, dies gilt auch aus Covid- oder Schlechtwettergr\u00fcnden,<br \/>\u2013 der Garten bleibt an Regentagen und Feiertagen ge\u00f6ffnet,<br \/>\u2013 wir bieten keine privaten Touren oder F\u00fchrungen an,<br \/>\u2013 Hunde sind erlaubt, solange sie an der Leine gef\u00fchrt werden,<br \/>\u2013 Der Gartenparkplatz ist f\u00fcr Besucher kostenlos und unbeaufsichtigt.<br \/>\u2013 durchschnittliche Dauer des Besuchs 1h30.<\/p>\n<\/p>\n<p><strong>PREISE<\/strong><\/p>\n<p>\u2028<strong>Vollpreiskarte \u20ac. 15,00<\/strong><\/p>\n<p>\u2028\u2028<strong>Erm\u00e4\u00dfigte Eintrittskarte \u20ac. 10,00<\/strong><br \/>- von 7 bis 22 Jahre alt - \u00fcber 65<br \/>- Einwohner von Capalbio\u2028 <br \/>- Gruppen von mindestens 25 Personen (10,00 \u20ac pro Person) <br \/>- Fremdenf\u00fchrer mit einem g\u00fcltigen Berufsausweis<\/p>\n<p><strong>Gruppi scolastici \u20ac. 8,00 ad alunno\u2028 <\/strong><br \/>&#8211; scuole primarie, gruppi di almeno 10 alunni\u2028 <br \/>&#8211; scuole secondarie di primo grado, gruppi di almeno 10 alunni\u2028\u2028<\/p>\n<p><strong><strong>Freier Eintritt<\/strong> <\/strong><br \/><br>- von 0 bis 6 Jahren <br \/>- Menschen mit Behinderungen von mehr als 67 %\u2028 <br \/>- Begleitpersonen von Menschen mit Behinderung (mit Bescheinigung)<br \/>- 1 Begleitperson pro 10 Sch\u00fcler<\/p>\n<p>Der Nachweis f\u00fcr den erm\u00e4\u00dfigten oder kostenlosen Eintritt muss am Eingang vorgelegt werden. Wird dieser Nachweis nicht erbracht, muss der Aufpreis an der Kasse bezahlt werden.<\/p>\n<p><a class=\"button wide\" target=\"_blank\" href=\"https:\/\/ilgiardinodeitarocchi.it\/wp-content\/uploads\/2022\/03\/BROCHURE-il-giardino-dei-tarocchi-english1.pdf\">Sehen Sie sich die Brosch\u00fcre an<\/a><\/p>","protected":false},"excerpt":{"rendered":"<p>INFO___ Solo l\u2019acquisto online dei biglietti garantisce l&#8217;ingresso al Giardino dei Tarocchi.&nbsp;Acquisto TICKET ON LINE Per garantire una buona conservazione delle opere d\u2019arte, il numero massimo giornaliero di visitatori \u00e8 limitato. Si consiglia vivamente l\u2019acquisto dei biglietti online, anche per &hellip; <a href=\"https:\/\/ilgiardinodeitarocchi.it\/de\/visit\/\">Continue reading <span class=\"meta-nav\">&rarr;<\/span><\/a><\/p>","protected":false},"author":1,"featured_media":0,"parent":0,"menu_order":0,"comment_status":"open","ping_status":"open","template":"","meta":{"_acf_changed":false,"footnotes":""},"acf":[],"yoast_head":"<!-- This site is optimized with the Yoast SEO plugin v22.7 - https:\/\/yoast.com\/wordpress\/plugins\/seo\/ -->\n<title>Visit - The Tarot Gardon Official Website<\/title>\n<meta name=\"robots\" content=\"index, follow, max-snippet:-1, max-image-preview:large, max-video-preview:-1\" \/>\n<link rel=\"canonical\" href=\"https:\/\/ilgiardinodeitarocchi.it\/de\/visit\/\" \/>\n<meta property=\"og:locale\" content=\"de_DE\" \/>\n<meta property=\"og:type\" content=\"article\" \/>\n<meta property=\"og:title\" content=\"Visit - The Tarot Gardon Official Website\" \/>\n<meta property=\"og:description\" content=\"INFO___ Solo l\u2019acquisto online dei biglietti garantisce l&#8217;ingresso al Giardino dei Tarocchi.&nbsp;Acquisto TICKET ON LINE Per garantire una buona conservazione delle opere d\u2019arte, il numero massimo giornaliero di visitatori \u00e8 limitato. Si consiglia vivamente l\u2019acquisto dei biglietti online, anche per &hellip; Continue reading &rarr;\" \/>\n<meta property=\"og:url\" content=\"https:\/\/ilgiardinodeitarocchi.it\/de\/visit\/\" \/>\n<meta property=\"og:site_name\" content=\"Il Giardino Dei Tarocchi - Official Website\" \/>\n<meta property=\"article:modified_time\" content=\"2025-01-29T14:50:08+00:00\" \/>\n<meta name=\"twitter:label1\" content=\"Gesch\u00e4tzte Lesezeit\" \/>\n\t<meta name=\"twitter:data1\" content=\"2\u00a0Minuten\" \/>\n<script type=\"application\/ld+json\" class=\"yoast-schema-graph\">{\"@context\":\"https:\/\/schema.org\",\"@graph\":[{\"@type\":\"WebPage\",\"@id\":\"https:\/\/ilgiardinodeitarocchi.it\/visit\/\",\"url\":\"https:\/\/ilgiardinodeitarocchi.it\/visit\/\",\"name\":\"Visit - The Tarot Gardon Official Website\",\"isPartOf\":{\"@id\":\"https:\/\/ilgiardinodeitarocchi.it\/#website\"},\"datePublished\":\"2015-01-27T17:41:32+00:00\",\"dateModified\":\"2025-01-29T14:50:08+00:00\",\"breadcrumb\":{\"@id\":\"https:\/\/ilgiardinodeitarocchi.it\/visit\/#breadcrumb\"},\"inLanguage\":\"de\",\"potentialAction\":[{\"@type\":\"ReadAction\",\"target\":[\"https:\/\/ilgiardinodeitarocchi.it\/visit\/\"]}]},{\"@type\":\"BreadcrumbList\",\"@id\":\"https:\/\/ilgiardinodeitarocchi.it\/visit\/#breadcrumb\",\"itemListElement\":[{\"@type\":\"ListItem\",\"position\":1,\"name\":\"Home\",\"item\":\"https:\/\/ilgiardinodeitarocchi.it\/\"},{\"@type\":\"ListItem\",\"position\":2,\"name\":\"Visita\"}]},{\"@type\":\"WebSite\",\"@id\":\"https:\/\/ilgiardinodeitarocchi.it\/#website\",\"url\":\"https:\/\/ilgiardinodeitarocchi.it\/\",\"name\":\"Il Giardino Dei Tarocchi - Official Website\",\"description\":\"Sito ufficiale del Giardino dei Tarocchi di Niki De Saint Phalle\",\"potentialAction\":[{\"@type\":\"SearchAction\",\"target\":{\"@type\":\"EntryPoint\",\"urlTemplate\":\"https:\/\/ilgiardinodeitarocchi.it\/?s={search_term_string}\"},\"query-input\":\"required name=search_term_string\"}],\"inLanguage\":\"de\"}]}<\/script>\n<!-- \/ Yoast SEO plugin. -->","yoast_head_json":{"title":"Visit - The Tarot Gardon Official Website","robots":{"index":"index","follow":"follow","max-snippet":"max-snippet:-1","max-image-preview":"max-image-preview:large","max-video-preview":"max-video-preview:-1"},"canonical":"https:\/\/ilgiardinodeitarocchi.it\/de\/visit\/","og_locale":"de_DE","og_type":"article","og_title":"Visit - The Tarot Gardon Official Website","og_description":"INFO___ Solo l\u2019acquisto online dei biglietti garantisce l&#8217;ingresso al Giardino dei Tarocchi.&nbsp;Acquisto TICKET ON LINE Per garantire una buona conservazione delle opere d\u2019arte, il numero massimo giornaliero di visitatori \u00e8 limitato. Si consiglia vivamente l\u2019acquisto dei biglietti online, anche per &hellip; Continue reading &rarr;","og_url":"https:\/\/ilgiardinodeitarocchi.it\/de\/visit\/","og_site_name":"Il Giardino Dei Tarocchi - Official Website","article_modified_time":"2025-01-29T14:50:08+00:00","twitter_misc":{"Gesch\u00e4tzte Lesezeit":"2\u00a0Minuten"},"schema":{"@context":"https:\/\/schema.org","@graph":[{"@type":"WebPage","@id":"https:\/\/ilgiardinodeitarocchi.it\/visit\/","url":"https:\/\/ilgiardinodeitarocchi.it\/visit\/","name":"Visit - The Tarot Gardon Official Website","isPartOf":{"@id":"https:\/\/ilgiardinodeitarocchi.it\/#website"},"datePublished":"2015-01-27T17:41:32+00:00","dateModified":"2025-01-29T14:50:08+00:00","breadcrumb":{"@id":"https:\/\/ilgiardinodeitarocchi.it\/visit\/#breadcrumb"},"inLanguage":"de","potentialAction":[{"@type":"ReadAction","target":["https:\/\/ilgiardinodeitarocchi.it\/visit\/"]}]},{"@type":"BreadcrumbList","@id":"https:\/\/ilgiardinodeitarocchi.it\/visit\/#breadcrumb","itemListElement":[{"@type":"ListItem","position":1,"name":"Home","item":"https:\/\/ilgiardinodeitarocchi.it\/"},{"@type":"ListItem","position":2,"name":"Visita"}]},{"@type":"WebSite","@id":"https:\/\/ilgiardinodeitarocchi.it\/#website","url":"https:\/\/ilgiardinodeitarocchi.it\/","name":"Il Giardino Dei Tarocchi - Official Website","description":"Sito ufficiale del Giardino dei Tarocchi di Niki De Saint Phalle","potentialAction":[{"@type":"SearchAction","target":{"@type":"EntryPoint","urlTemplate":"https:\/\/ilgiardinodeitarocchi.it\/?s={search_term_string}"},"query-input":"required name=search_term_string"}],"inLanguage":"de"}]}},"_links":{"self":[{"href":"https:\/\/ilgiardinodeitarocchi.it\/de\/wp-json\/wp\/v2\/pages\/1735"}],"collection":[{"href":"https:\/\/ilgiardinodeitarocchi.it\/de\/wp-json\/wp\/v2\/pages"}],"about":[{"href":"https:\/\/ilgiardinodeitarocchi.it\/de\/wp-json\/wp\/v2\/types\/page"}],"author":[{"embeddable":true,"href":"https:\/\/ilgiardinodeitarocchi.it\/de\/wp-json\/wp\/v2\/users\/1"}],"replies":[{"embeddable":true,"href":"https:\/\/ilgiardinodeitarocchi.it\/de\/wp-json\/wp\/v2\/comments?post=1735"}],"version-history":[{"count":231,"href":"https:\/\/ilgiardinodeitarocchi.it\/de\/wp-json\/wp\/v2\/pages\/1735\/revisions"}],"predecessor-version":[{"id":3089,"href":"https:\/\/ilgiardinodeitarocchi.it\/de\/wp-json\/wp\/v2\/pages\/1735\/revisions\/3089"}],"wp:attachment":[{"href":"https:\/\/ilgiardinodeitarocchi.it\/de\/wp-json\/wp\/v2\/media?parent=1735"}],"curies":[{"name":"wp","href":"https:\/\/api.w.org\/{rel}","templated":true}]}}