{"id":1766,"date":"2015-01-27T22:01:32","date_gmt":"2015-01-27T21:01:32","guid":{"rendered":"https:\/\/ilgiardinodeitarocchi.smart-soluce.com\/?page_id=1766"},"modified":"2024-05-28T02:22:04","modified_gmt":"2024-05-28T00:22:04","slug":"materials-crew","status":"publish","type":"page","link":"https:\/\/ilgiardinodeitarocchi.it\/de\/about\/materials-crew\/","title":{"rendered":"In Nikis Worten"},"content":{"rendered":"<p>Die Vergr\u00f6\u00dferung meiner Modelle wurde von Jean Tinguely und Doc Winsen mit mittelalterlichem Blick perfekt durchgef\u00fchrt. Alle Beschl\u00e4ge der monumentalen Skulpturen bestanden aus geschwei\u00dften Stahlst\u00e4ben, die von den M\u00e4nnern des Teams mit auf den Knien liegenden Armen gewaltsam gebogen wurden. Das erste Team, das die R\u00fcstungen im Garten herstellte, bestand aus Jean Tinguely, Rico Weber und Seppi Imhof. Sie waren es, die die Sphinx, die Priesterin und den Magier bauten.<\/p>\n<p>Der Bishop wurde von Doc Winsen begonnen und von Jean Tinguely fertiggestellt. Von allen Skulpturen im Garten war es Jeans Lieblingsskulptur. In der zweiten H\u00e4lfte des Tarot-Gartens wurden die R\u00fcstungen der Kaiserburg, der Sonne, des Drachens (Die St\u00e4rke) und des Baumes des Lebens (Der Geh\u00e4ngte) von Doc Winsen, einem niederl\u00e4ndischen K\u00fcnstler, angefertigt. Doc wurde von Tonino Urtis unterst\u00fctzt.<\/p>\n<p>Dann kam Ugo, der Postbote, der zun\u00e4chst Steinstra\u00dfen baute, dann nach oben ging und Drahtgitter auf den Stahlkonstruktionen anbrachte, die den Beton tragen sollten. Sp\u00e4ter bat mich Ugo, ihn bei der Anordnung der Spiegelst\u00fccke auf den Skulpturen zu testen. Er wurde ein wahrer Dichter in dieser Kunst. Er hatte immer Angst, dass es eines Tages keine Arbeit mehr f\u00fcr ihn geben w\u00fcrde. Ich habe feierlich versprochen, dass es jedes Jahr etwas Neues zu tun geben w\u00fcrde, und wenn mir Ideen fehlen w\u00fcrden, w\u00fcrde ich eine solche chinesische Mauer um den Garten bauen lassen, dass es mehrere Generationen dauern w\u00fcrde, sie fertigzustellen.<\/p>\n<p>Sobald die Stahlbewehrungen fertig waren und das Drahtgeflecht dar\u00fcber gespannt war, wurde der von einer Pumpe gegossene Beton dar\u00fcber verteilt. Zu diesem Zeitpunkt nahm die Skulptur ein melancholisches Aussehen mit einer traurigen Sch\u00f6nheit an. Eigentlich war es mein Ziel, einen fr\u00f6hlichen Garten zu schaffen. Die Endbearbeitung des Betons erfolgte sp\u00e4ter in Handarbeit durch Marco Iacotonio, einen besonders sch\u00f6nen und schwierigen jungen Mann.<\/p>\n<p>Zu Beginn habe ich Tonino Urtis als Vorarbeiter ausgew\u00e4hlt, obwohl er nicht viel Erfahrung hatte, war er zuvor als Elektriker t\u00e4tig. Bei meinen Entscheidungen habe ich immer mehr meinen Instinkt als meinen Verstand genutzt, und sehr oft haben sich meine Entscheidungen als richtig erwiesen. Sp\u00e4ter bat ich Riccardo Menon, meinen pers\u00f6nlichen Assistenten, Mitarbeiter und Freund, der mit mir aus Paris gekommen war, einen Keramiker f\u00fcr mich zu finden. Ein paar Tage sp\u00e4ter stellte mir Riccardo Venera Finocchiaro vor. Venera wurde sp\u00e4ter T\u00f6pferin des Gartens. Es war absolute Hingabe. Sie lebte im Garten und war empf\u00e4nglich f\u00fcr meine Ermahnungen, Dinge zu tun, die noch nie jemand zuvor getan hatte. Das gro\u00dfartige Werk, das sie geschaffen hat, spricht f\u00fcr sich. Sie hatte mehrere Assistenten, insbesondere Paola, Patrizia und Gemma.<\/p>\n<p>Manchmal half das ganze Team an den \u00d6fen. Als Venera ging, wurde die Keramik vom Team weitergef\u00fchrt.<\/p>\n<p>Das 20. Jahrhundert war vergessen. Wir haben wie die \u00c4gypter gearbeitet, sehr oft direkt auf den Skulpturen, nummeriert, herausgenommen, in den Ofen gebracht, gebrannt und glasiert und dann wieder an ihren Platz auf den Skulpturen gebracht. Beim Brennvorgang schrumpft die Keramik um 10 %, der dadurch entstehende Raum zwischen Keramik und Keramik wurde mit handgeschliffenen Spiegelst\u00fccken gef\u00fcllt. Dies wurde von mehreren Personen durchgef\u00fchrt, insbesondere jedoch von Marco Iacotonio, Tonino Urtis und Claudio Celletti.<\/p>\n<p>Die kleineren Skulpturen im Garten wurden in Paris hergestellt. Mein Assistent Marcello Zitelli und ich fertigten die Tonmodelle an, die von Robert Haligon und seinen S\u00f6hnen Gerard und Oliver in Polyester reproduziert wurden. Anschlie\u00dfend wurden die Polyesterskulpturen von Pierre Marie Lejeune und seiner Frau Isabelle mit einem Mosaik aus Glasfliesen aus Murano, der Tschechoslowakei und Frankreich bedeckt.<\/p>\n<p>Auf diese Weise entstanden M\u00e4\u00dfigkeit, Adam und Eva (Die Wahl), Die Welt, Der Einsiedler, Das Orakel, Der Tod, Der Teufel und der Geh\u00e4ngte. <\/p>\n<p>Pierre Marie Lejeune, der mit mir den Strawinsky-Brunnen gemalt hat, kam in den Tarot-Garten und verliebte sich darin. Ein Jahr nach dem anderen kehrte er dorthin zur\u00fcck. Seine Spezialit\u00e4t war das Schneiden von Spiegeln mit Schwerpunkt auf innovativer Arbeit.<\/p>\n<p>Die Verwaltungsarbeit und die Betreuung der verschiedenen Probleme des Gartens wurden von Gigi Pecoraro und Paula Aureli geleitet. Aber die Schutzgottheit des Gartens war Jean Gabriel Mitterrand, der immer dann kam, wenn es ein Problem gab, bei dessen L\u00f6sung er uns helfen konnte. In den letzten Jahren blieben Tonino Urtis, Ugo Celletti, Marco Iacotonio und Claudio Celletti \u00fcbrig.<\/p>\n<p>Wir alle teilen eine gro\u00dfe Begeisterung f\u00fcr den Garten und sind wie eine Familie geworden. Vor kurzem kam Gian Piero Ottavi zu uns, um sich um die Gartenerde zu k\u00fcmmern. Ich habe beschlossen, den nat\u00fcrlichen Lebensraum der Region zu respektieren. Der Dialog zwischen Natur und Skulpturen ist ein sehr wichtiger Teil des Gartens.<\/p>\n<p>Die K\u00fcnstler, die sich mit ihrer spezifischen Arbeit im Garten beteiligten, sind Alan Davie, der den magischen Raum in \u201eThe Wizard\u201c gemalt hat. Pierre Marie Lejeune hat einige Keramikb\u00e4nke angefertigt, die in den Garten integriert wurden. Sie sind sehr beliebte Artefakte, auf denen die Menschen gerne sitzen und die Brunnen bewundern. Einige St\u00fchle in der Sphinx wurden ebenfalls von ihm hergestellt und er dekorierte die Boutique. Marina Barella fertigte die Skulptur an, die im Inneren der Priesterin gefunden wurde. Jean Tinguely hat in Zusammenarbeit mit mir eine Maschine geschaffen, die den Blitz darstellt, der in den Turmbau zu Babel einschl\u00e4gt, das Gl\u00fccksrad vor dem Brunnen, eine Skulptur namens \u201eInjustice\u201c, die in \u201eJustice\u201c gefangen ist, und \u201eThe World\u201c. Jackie Matisse stellte alchemistische Glasbeh\u00e4lter f\u00fcr heilige W\u00e4sser her.<\/p>","protected":false},"excerpt":{"rendered":"<p>L\u2019ingrandimento dei miei modelli fu fatto perfettamente, con occhio medievale, da Jean Tinguely e Doc Winsen. Tutte le armature delle sculture monumentali furono fatte con barre d\u2019acciaio saldate, piegate a forza di braccia sulle ginocchia dagli uomini della squadra. La &hellip; <a href=\"https:\/\/ilgiardinodeitarocchi.it\/de\/about\/materials-crew\/\">Continue reading <span class=\"meta-nav\">&rarr;<\/span><\/a><\/p>","protected":false},"author":1,"featured_media":0,"parent":6,"menu_order":1,"comment_status":"open","ping_status":"open","template":"","meta":{"_acf_changed":false,"footnotes":""},"acf":[],"yoast_head":"<!-- This site is optimized with the Yoast SEO plugin v22.7 - https:\/\/yoast.com\/wordpress\/plugins\/seo\/ -->\n<title>Con le parole di Niki - Il Giardino Dei Tarocchi - Official Website<\/title>\n<meta name=\"robots\" content=\"index, follow, max-snippet:-1, max-image-preview:large, max-video-preview:-1\" \/>\n<link rel=\"canonical\" href=\"https:\/\/ilgiardinodeitarocchi.it\/de\/about\/materials-crew\/\" \/>\n<meta property=\"og:locale\" content=\"de_DE\" \/>\n<meta property=\"og:type\" content=\"article\" \/>\n<meta property=\"og:title\" content=\"Con le parole di Niki - Il Giardino Dei Tarocchi - Official Website\" \/>\n<meta property=\"og:description\" content=\"L\u2019ingrandimento dei miei modelli fu fatto perfettamente, con occhio medievale, da Jean Tinguely e Doc Winsen. Tutte le armature delle sculture monumentali furono fatte con barre d\u2019acciaio saldate, piegate a forza di braccia sulle ginocchia dagli uomini della squadra. La &hellip; Continue reading &rarr;\" \/>\n<meta property=\"og:url\" content=\"https:\/\/ilgiardinodeitarocchi.it\/de\/about\/materials-crew\/\" \/>\n<meta property=\"og:site_name\" content=\"Il Giardino Dei Tarocchi - Official Website\" \/>\n<meta property=\"article:modified_time\" content=\"2024-05-28T00:22:04+00:00\" \/>\n<meta name=\"twitter:label1\" content=\"Gesch\u00e4tzte Lesezeit\" \/>\n\t<meta name=\"twitter:data1\" content=\"4\u00a0Minuten\" \/>\n<script type=\"application\/ld+json\" class=\"yoast-schema-graph\">{\"@context\":\"https:\/\/schema.org\",\"@graph\":[{\"@type\":\"WebPage\",\"@id\":\"https:\/\/ilgiardinodeitarocchi.it\/about\/materials-crew\/\",\"url\":\"https:\/\/ilgiardinodeitarocchi.it\/about\/materials-crew\/\",\"name\":\"Con le parole di Niki - Il Giardino Dei Tarocchi - Official Website\",\"isPartOf\":{\"@id\":\"https:\/\/ilgiardinodeitarocchi.it\/#website\"},\"datePublished\":\"2015-01-27T21:01:32+00:00\",\"dateModified\":\"2024-05-28T00:22:04+00:00\",\"breadcrumb\":{\"@id\":\"https:\/\/ilgiardinodeitarocchi.it\/about\/materials-crew\/#breadcrumb\"},\"inLanguage\":\"de\",\"potentialAction\":[{\"@type\":\"ReadAction\",\"target\":[\"https:\/\/ilgiardinodeitarocchi.it\/about\/materials-crew\/\"]}]},{\"@type\":\"BreadcrumbList\",\"@id\":\"https:\/\/ilgiardinodeitarocchi.it\/about\/materials-crew\/#breadcrumb\",\"itemListElement\":[{\"@type\":\"ListItem\",\"position\":1,\"name\":\"Home\",\"item\":\"https:\/\/ilgiardinodeitarocchi.it\/\"},{\"@type\":\"ListItem\",\"position\":2,\"name\":\"Informazioni\",\"item\":\"https:\/\/ilgiardinodeitarocchi.it\/about\/\"},{\"@type\":\"ListItem\",\"position\":3,\"name\":\"Con le parole di Niki\"}]},{\"@type\":\"WebSite\",\"@id\":\"https:\/\/ilgiardinodeitarocchi.it\/#website\",\"url\":\"https:\/\/ilgiardinodeitarocchi.it\/\",\"name\":\"Il Giardino Dei Tarocchi - Official Website\",\"description\":\"Sito ufficiale del Giardino dei Tarocchi di Niki De Saint Phalle\",\"potentialAction\":[{\"@type\":\"SearchAction\",\"target\":{\"@type\":\"EntryPoint\",\"urlTemplate\":\"https:\/\/ilgiardinodeitarocchi.it\/?s={search_term_string}\"},\"query-input\":\"required name=search_term_string\"}],\"inLanguage\":\"de\"}]}<\/script>\n<!-- \/ Yoast SEO plugin. -->","yoast_head_json":{"title":"Con le parole di Niki - Il Giardino Dei Tarocchi - Official Website","robots":{"index":"index","follow":"follow","max-snippet":"max-snippet:-1","max-image-preview":"max-image-preview:large","max-video-preview":"max-video-preview:-1"},"canonical":"https:\/\/ilgiardinodeitarocchi.it\/de\/about\/materials-crew\/","og_locale":"de_DE","og_type":"article","og_title":"Con le parole di Niki - Il Giardino Dei Tarocchi - Official Website","og_description":"L\u2019ingrandimento dei miei modelli fu fatto perfettamente, con occhio medievale, da Jean Tinguely e Doc Winsen. Tutte le armature delle sculture monumentali furono fatte con barre d\u2019acciaio saldate, piegate a forza di braccia sulle ginocchia dagli uomini della squadra. La &hellip; Continue reading &rarr;","og_url":"https:\/\/ilgiardinodeitarocchi.it\/de\/about\/materials-crew\/","og_site_name":"Il Giardino Dei Tarocchi - Official Website","article_modified_time":"2024-05-28T00:22:04+00:00","twitter_misc":{"Gesch\u00e4tzte Lesezeit":"4\u00a0Minuten"},"schema":{"@context":"https:\/\/schema.org","@graph":[{"@type":"WebPage","@id":"https:\/\/ilgiardinodeitarocchi.it\/about\/materials-crew\/","url":"https:\/\/ilgiardinodeitarocchi.it\/about\/materials-crew\/","name":"Con le parole di Niki - Il Giardino Dei Tarocchi - Official Website","isPartOf":{"@id":"https:\/\/ilgiardinodeitarocchi.it\/#website"},"datePublished":"2015-01-27T21:01:32+00:00","dateModified":"2024-05-28T00:22:04+00:00","breadcrumb":{"@id":"https:\/\/ilgiardinodeitarocchi.it\/about\/materials-crew\/#breadcrumb"},"inLanguage":"de","potentialAction":[{"@type":"ReadAction","target":["https:\/\/ilgiardinodeitarocchi.it\/about\/materials-crew\/"]}]},{"@type":"BreadcrumbList","@id":"https:\/\/ilgiardinodeitarocchi.it\/about\/materials-crew\/#breadcrumb","itemListElement":[{"@type":"ListItem","position":1,"name":"Home","item":"https:\/\/ilgiardinodeitarocchi.it\/"},{"@type":"ListItem","position":2,"name":"Informazioni","item":"https:\/\/ilgiardinodeitarocchi.it\/about\/"},{"@type":"ListItem","position":3,"name":"Con le parole di Niki"}]},{"@type":"WebSite","@id":"https:\/\/ilgiardinodeitarocchi.it\/#website","url":"https:\/\/ilgiardinodeitarocchi.it\/","name":"Il Giardino Dei Tarocchi - Official Website","description":"Sito ufficiale del Giardino dei Tarocchi di Niki De Saint Phalle","potentialAction":[{"@type":"SearchAction","target":{"@type":"EntryPoint","urlTemplate":"https:\/\/ilgiardinodeitarocchi.it\/?s={search_term_string}"},"query-input":"required name=search_term_string"}],"inLanguage":"de"}]}},"_links":{"self":[{"href":"https:\/\/ilgiardinodeitarocchi.it\/de\/wp-json\/wp\/v2\/pages\/1766"}],"collection":[{"href":"https:\/\/ilgiardinodeitarocchi.it\/de\/wp-json\/wp\/v2\/pages"}],"about":[{"href":"https:\/\/ilgiardinodeitarocchi.it\/de\/wp-json\/wp\/v2\/types\/page"}],"author":[{"embeddable":true,"href":"https:\/\/ilgiardinodeitarocchi.it\/de\/wp-json\/wp\/v2\/users\/1"}],"replies":[{"embeddable":true,"href":"https:\/\/ilgiardinodeitarocchi.it\/de\/wp-json\/wp\/v2\/comments?post=1766"}],"version-history":[{"count":9,"href":"https:\/\/ilgiardinodeitarocchi.it\/de\/wp-json\/wp\/v2\/pages\/1766\/revisions"}],"predecessor-version":[{"id":3025,"href":"https:\/\/ilgiardinodeitarocchi.it\/de\/wp-json\/wp\/v2\/pages\/1766\/revisions\/3025"}],"up":[{"embeddable":true,"href":"https:\/\/ilgiardinodeitarocchi.it\/de\/wp-json\/wp\/v2\/pages\/6"}],"wp:attachment":[{"href":"https:\/\/ilgiardinodeitarocchi.it\/de\/wp-json\/wp\/v2\/media?parent=1766"}],"curies":[{"name":"wp","href":"https:\/\/api.w.org\/{rel}","templated":true}]}}