{"id":1792,"date":"2015-01-27T22:56:18","date_gmt":"2015-01-27T21:56:18","guid":{"rendered":"https:\/\/ilgiardinodeitarocchi.smart-soluce.com\/?page_id=1792"},"modified":"2024-05-27T23:03:51","modified_gmt":"2024-05-27T21:03:51","slug":"further-reading","status":"publish","type":"page","link":"https:\/\/ilgiardinodeitarocchi.it\/de\/resources\/further-reading\/","title":{"rendered":"Ver\u00f6ffentlichungen"},"content":{"rendered":"<p>Nachfolgend finden Sie eine Liste von Ver\u00f6ffentlichungen zur weiteren Lekt\u00fcre zum Tarot-Garten. Klicken Sie auf den Link rechts, um eine ausgew\u00e4hlte Bibliographie der Presseartikel zu finden.<\/p>\n<p><a class=\"button\" target=\"_blank\" href=\"\/wp-content\/uploads\/2015\/01\/Selected-Tarot-Garden-Press.pdf\">Lesen Sie gedruckte Artikel<\/a><\/p>","protected":false},"excerpt":{"rendered":"<p>Nachfolgend finden Sie eine Liste von Ver\u00f6ffentlichungen zur weiteren Lekt\u00fcre zum Tarot-Garten. Klicken Sie auf den Link rechts, um eine ausgew\u00e4hlte Bibliographie der Presseartikel zu finden.<\/p>","protected":false},"author":1,"featured_media":0,"parent":1794,"menu_order":0,"comment_status":"open","ping_status":"closed","template":"page-publications.php","meta":{"_acf_changed":false,"footnotes":""},"acf":[],"yoast_head":"<!-- This site is optimized with the Yoast SEO plugin v22.7 - https:\/\/yoast.com\/wordpress\/plugins\/seo\/ -->\n<title>Pubblicazioni - Il Giardino Dei Tarocchi - Official Website<\/title>\n<meta name=\"robots\" content=\"index, follow, max-snippet:-1, max-image-preview:large, max-video-preview:-1\" \/>\n<link rel=\"canonical\" href=\"https:\/\/ilgiardinodeitarocchi.it\/de\/resources\/further-reading\/\" \/>\n<meta property=\"og:locale\" content=\"de_DE\" \/>\n<meta property=\"og:type\" content=\"article\" \/>\n<meta property=\"og:title\" content=\"Pubblicazioni - Il Giardino Dei Tarocchi - Official Website\" \/>\n<meta property=\"og:description\" content=\"Di seguito \u00e8 riportato un elenco di pubblicazioni per ulteriori letture sul Giardino dei Tarocchi. Clicca sul link a destra per trovare una bibliografia selezionata di articoli della stampa.\" \/>\n<meta property=\"og:url\" content=\"https:\/\/ilgiardinodeitarocchi.it\/de\/resources\/further-reading\/\" \/>\n<meta property=\"og:site_name\" content=\"Il Giardino Dei Tarocchi - Official Website\" \/>\n<meta property=\"article:modified_time\" content=\"2024-05-27T21:03:51+00:00\" \/>\n<meta name=\"twitter:label1\" content=\"Gesch\u00e4tzte Lesezeit\" \/>\n\t<meta name=\"twitter:data1\" content=\"1\u00a0Minute\" \/>\n<script type=\"application\/ld+json\" class=\"yoast-schema-graph\">{\"@context\":\"https:\/\/schema.org\",\"@graph\":[{\"@type\":\"WebPage\",\"@id\":\"https:\/\/ilgiardinodeitarocchi.it\/resources\/further-reading\/\",\"url\":\"https:\/\/ilgiardinodeitarocchi.it\/resources\/further-reading\/\",\"name\":\"Pubblicazioni - Il Giardino Dei Tarocchi - Official Website\",\"isPartOf\":{\"@id\":\"https:\/\/ilgiardinodeitarocchi.it\/#website\"},\"datePublished\":\"2015-01-27T21:56:18+00:00\",\"dateModified\":\"2024-05-27T21:03:51+00:00\",\"breadcrumb\":{\"@id\":\"https:\/\/ilgiardinodeitarocchi.it\/resources\/further-reading\/#breadcrumb\"},\"inLanguage\":\"de\",\"potentialAction\":[{\"@type\":\"ReadAction\",\"target\":[\"https:\/\/ilgiardinodeitarocchi.it\/resources\/further-reading\/\"]}]},{\"@type\":\"BreadcrumbList\",\"@id\":\"https:\/\/ilgiardinodeitarocchi.it\/resources\/further-reading\/#breadcrumb\",\"itemListElement\":[{\"@type\":\"ListItem\",\"position\":1,\"name\":\"Home\",\"item\":\"https:\/\/ilgiardinodeitarocchi.it\/\"},{\"@type\":\"ListItem\",\"position\":2,\"name\":\"Risorse\",\"item\":\"https:\/\/ilgiardinodeitarocchi.it\/resources\/\"},{\"@type\":\"ListItem\",\"position\":3,\"name\":\"Pubblicazioni\"}]},{\"@type\":\"WebSite\",\"@id\":\"https:\/\/ilgiardinodeitarocchi.it\/#website\",\"url\":\"https:\/\/ilgiardinodeitarocchi.it\/\",\"name\":\"Il Giardino Dei Tarocchi - Official Website\",\"description\":\"Sito ufficiale del Giardino dei Tarocchi di Niki De Saint Phalle\",\"potentialAction\":[{\"@type\":\"SearchAction\",\"target\":{\"@type\":\"EntryPoint\",\"urlTemplate\":\"https:\/\/ilgiardinodeitarocchi.it\/?s={search_term_string}\"},\"query-input\":\"required name=search_term_string\"}],\"inLanguage\":\"de\"}]}<\/script>\n<!-- \/ Yoast SEO plugin. -->","yoast_head_json":{"title":"Pubblicazioni - Il Giardino Dei Tarocchi - Official Website","robots":{"index":"index","follow":"follow","max-snippet":"max-snippet:-1","max-image-preview":"max-image-preview:large","max-video-preview":"max-video-preview:-1"},"canonical":"https:\/\/ilgiardinodeitarocchi.it\/de\/resources\/further-reading\/","og_locale":"de_DE","og_type":"article","og_title":"Pubblicazioni - Il Giardino Dei Tarocchi - Official Website","og_description":"Di seguito \u00e8 riportato un elenco di pubblicazioni per ulteriori letture sul Giardino dei Tarocchi. Clicca sul link a destra per trovare una bibliografia selezionata di articoli della stampa.","og_url":"https:\/\/ilgiardinodeitarocchi.it\/de\/resources\/further-reading\/","og_site_name":"Il Giardino Dei Tarocchi - Official Website","article_modified_time":"2024-05-27T21:03:51+00:00","twitter_misc":{"Gesch\u00e4tzte Lesezeit":"1\u00a0Minute"},"schema":{"@context":"https:\/\/schema.org","@graph":[{"@type":"WebPage","@id":"https:\/\/ilgiardinodeitarocchi.it\/resources\/further-reading\/","url":"https:\/\/ilgiardinodeitarocchi.it\/resources\/further-reading\/","name":"Pubblicazioni - Il Giardino Dei Tarocchi - Official Website","isPartOf":{"@id":"https:\/\/ilgiardinodeitarocchi.it\/#website"},"datePublished":"2015-01-27T21:56:18+00:00","dateModified":"2024-05-27T21:03:51+00:00","breadcrumb":{"@id":"https:\/\/ilgiardinodeitarocchi.it\/resources\/further-reading\/#breadcrumb"},"inLanguage":"de","potentialAction":[{"@type":"ReadAction","target":["https:\/\/ilgiardinodeitarocchi.it\/resources\/further-reading\/"]}]},{"@type":"BreadcrumbList","@id":"https:\/\/ilgiardinodeitarocchi.it\/resources\/further-reading\/#breadcrumb","itemListElement":[{"@type":"ListItem","position":1,"name":"Home","item":"https:\/\/ilgiardinodeitarocchi.it\/"},{"@type":"ListItem","position":2,"name":"Risorse","item":"https:\/\/ilgiardinodeitarocchi.it\/resources\/"},{"@type":"ListItem","position":3,"name":"Pubblicazioni"}]},{"@type":"WebSite","@id":"https:\/\/ilgiardinodeitarocchi.it\/#website","url":"https:\/\/ilgiardinodeitarocchi.it\/","name":"Il Giardino Dei Tarocchi - Official Website","description":"Sito ufficiale del Giardino dei Tarocchi di Niki De Saint Phalle","potentialAction":[{"@type":"SearchAction","target":{"@type":"EntryPoint","urlTemplate":"https:\/\/ilgiardinodeitarocchi.it\/?s={search_term_string}"},"query-input":"required name=search_term_string"}],"inLanguage":"de"}]}},"_links":{"self":[{"href":"https:\/\/ilgiardinodeitarocchi.it\/de\/wp-json\/wp\/v2\/pages\/1792"}],"collection":[{"href":"https:\/\/ilgiardinodeitarocchi.it\/de\/wp-json\/wp\/v2\/pages"}],"about":[{"href":"https:\/\/ilgiardinodeitarocchi.it\/de\/wp-json\/wp\/v2\/types\/page"}],"author":[{"embeddable":true,"href":"https:\/\/ilgiardinodeitarocchi.it\/de\/wp-json\/wp\/v2\/users\/1"}],"replies":[{"embeddable":true,"href":"https:\/\/ilgiardinodeitarocchi.it\/de\/wp-json\/wp\/v2\/comments?post=1792"}],"version-history":[{"count":22,"href":"https:\/\/ilgiardinodeitarocchi.it\/de\/wp-json\/wp\/v2\/pages\/1792\/revisions"}],"predecessor-version":[{"id":3011,"href":"https:\/\/ilgiardinodeitarocchi.it\/de\/wp-json\/wp\/v2\/pages\/1792\/revisions\/3011"}],"up":[{"embeddable":true,"href":"https:\/\/ilgiardinodeitarocchi.it\/de\/wp-json\/wp\/v2\/pages\/1794"}],"wp:attachment":[{"href":"https:\/\/ilgiardinodeitarocchi.it\/de\/wp-json\/wp\/v2\/media?parent=1792"}],"curies":[{"name":"wp","href":"https:\/\/api.w.org\/{rel}","templated":true}]}}