{"id":2426,"date":"2021-08-03T13:07:42","date_gmt":"2021-08-03T11:07:42","guid":{"rendered":"https:\/\/ilgiardinodeitarocchi.smart-soluce.com\/?page_id=2426"},"modified":"2025-01-30T14:14:05","modified_gmt":"2025-01-30T13:14:05","slug":"accessibilita","status":"publish","type":"page","link":"https:\/\/ilgiardinodeitarocchi.it\/de\/accessibilita\/","title":{"rendered":"ZUG\u00c4NGLICHKEIT"},"content":{"rendered":"<h2 class=\"wp-block-heading\">ZUG\u00c4NGLICHKEIT<br \/>___<\/h2>\n<p class=\" translation-block\">Die Stiftung Tarotgarten teilt mit, dass die Zug\u00e4nglichkeit des Museumsparks f\u00fcr Besucher mit schweren motorischen Behinderungen aufgrund der Morphologie des Museumsparks, in dem sich die Skulpturen befinden, eingeschr\u00e4nkt ist.<\/p>\n<p>Von diesem Ort aus kann man sich einen \u00dcberblick \u00fcber die folgenden Werke verschaffen:<\/p>\n<p>Die Macht - Karte Nr. XI,<br \/>Die Sonne - Karte Nr. XIX,<br \/>Die Papstin - Karte Nr. II,<br \/>Der Magier - Karte Nr. I,<br \/>Der Papst - Karte Nr. V.<\/p>\n<p>Eine interaktive Karte finden Sie auf unserer Website unter \"Besuchen\".<\/p>\n<p>Es gibt einen Eingang und einen Parkplatz f\u00fcr Menschen mit Behinderungen (begrenzte Pl\u00e4tze), folgen Sie einfach den Schildern zum Behindertenparkplatz und klingeln Sie am Poller. Das Personal des Gartens wird Sie gerne willkommen hei\u00dfen.<\/p>\n<\/p>\n<p class=\" translation-block\">Seit diesem Jahr ist es m\u00f6glich, einen Treppenlift f\u00fcr Besuche mit dem Rollstuhl zu buchen. Die Besichtigung ist aufgrund von Problemen, die durch das Gef\u00e4lle des Gel\u00e4ndes verursacht werden, immer noch nur teilweise m\u00f6glich, aber sie bietet die M\u00f6glichkeit, einige der hoch gelegenen Teile des Kunstparks zu erreichen (die vorher nicht besucht werden konnten). Der Besuch mit dem Treppenlift muss im Voraus per E-Mail an info@ilgiardinodeitarocchi.it gebucht werden. F\u00fcr die Buchung eines Treppenlifts f\u00fcr Rollst\u00fchle (Sherpa N900) mit einer maximalen Tragf\u00e4higkeit von 90 kg schreiben Sie eine E-Mail an info@ilgiardinodeitarocchi.it und zeigen Sie die Buchung dem Parkpersonal.<\/p>\n<p class=\" translation-block\">Wir m\u00f6chten Sie daran erinnern, dass der Besuch f\u00fcr Menschen mit einem Grad der Behinderung von 67 % und eine Begleitperson kostenlos ist.<\/p>\n<p>F\u00fcr weitere Informationen wenden Sie sich bitte an die folgende E-Mail-Adresse: <a href=\"\/de\/&\/#109;&#x61;i&#x6c;t&#111;&#x3a;&#105;&#x6e;f&#111;&#x40;&#105;&#x6c;g&#x69;&#x61;&#114;&#x64;i&#x6e;o&#100;&#x65;&#105;&#x74;a&#114;&#x6f;&#99;&#x63;h&#105;&#x2e;&#105;&#x74;\" target=\"_blank\" rel=\"noopener\">&#105;&#x6e;f&#111;&#x40;i&#x6c;&#x67;&#105;&#x61;r&#100;&#x69;n&#111;&#x64;&#101;&#x69;t&#97;&#x72;o&#99;&#x63;&#104;&#x69;&#x2e;&#105;&#x74;<\/a><\/p>","protected":false},"excerpt":{"rendered":"<p>ACCESSIBILIT\u00c0___ La Fondazione Giardino dei Tarocchi informa che l&#8217;accessibilit\u00e0 al parco del museo per i visitatori con gravi disabilit\u00e0 motorie \u00e8 limitata, a causa della morfologia del parco del museo su cui si trovano le sculture.Il visitatore pu\u00f2 accedere solo &hellip; <a href=\"https:\/\/ilgiardinodeitarocchi.it\/de\/accessibilita\/\">Continue reading <span class=\"meta-nav\">&rarr;<\/span><\/a><\/p>","protected":false},"author":1,"featured_media":0,"parent":0,"menu_order":0,"comment_status":"closed","ping_status":"closed","template":"","meta":{"_acf_changed":false,"footnotes":""},"acf":[],"yoast_head":"<!-- This site is optimized with the Yoast SEO plugin v22.7 - https:\/\/yoast.com\/wordpress\/plugins\/seo\/ -->\n<title>ACCESSIBILIT\u00c0 - Il Giardino Dei Tarocchi - Official Website<\/title>\n<meta name=\"robots\" content=\"index, follow, max-snippet:-1, max-image-preview:large, max-video-preview:-1\" \/>\n<link rel=\"canonical\" href=\"https:\/\/ilgiardinodeitarocchi.it\/de\/accessibilita\/\" \/>\n<meta property=\"og:locale\" content=\"de_DE\" \/>\n<meta property=\"og:type\" content=\"article\" \/>\n<meta property=\"og:title\" content=\"ACCESSIBILIT\u00c0 - Il Giardino Dei Tarocchi - Official Website\" \/>\n<meta property=\"og:description\" content=\"ACCESSIBILIT\u00c0___ La Fondazione Giardino dei Tarocchi informa che l&#8217;accessibilit\u00e0 al parco del museo per i visitatori con gravi disabilit\u00e0 motorie \u00e8 limitata, a causa della morfologia del parco del museo su cui si trovano le sculture.Il visitatore pu\u00f2 accedere solo &hellip; Continue reading &rarr;\" \/>\n<meta property=\"og:url\" content=\"https:\/\/ilgiardinodeitarocchi.it\/de\/accessibilita\/\" \/>\n<meta property=\"og:site_name\" content=\"Il Giardino Dei Tarocchi - Official Website\" \/>\n<meta property=\"article:modified_time\" content=\"2025-01-30T13:14:05+00:00\" \/>\n<meta name=\"twitter:label1\" content=\"Gesch\u00e4tzte Lesezeit\" \/>\n\t<meta name=\"twitter:data1\" content=\"2\u00a0Minuten\" \/>\n<script type=\"application\/ld+json\" class=\"yoast-schema-graph\">{\"@context\":\"https:\/\/schema.org\",\"@graph\":[{\"@type\":\"WebPage\",\"@id\":\"https:\/\/ilgiardinodeitarocchi.it\/accessibilita\/\",\"url\":\"https:\/\/ilgiardinodeitarocchi.it\/accessibilita\/\",\"name\":\"ACCESSIBILIT\u00c0 - Il Giardino Dei Tarocchi - Official Website\",\"isPartOf\":{\"@id\":\"https:\/\/ilgiardinodeitarocchi.it\/#website\"},\"datePublished\":\"2021-08-03T11:07:42+00:00\",\"dateModified\":\"2025-01-30T13:14:05+00:00\",\"breadcrumb\":{\"@id\":\"https:\/\/ilgiardinodeitarocchi.it\/accessibilita\/#breadcrumb\"},\"inLanguage\":\"de\",\"potentialAction\":[{\"@type\":\"ReadAction\",\"target\":[\"https:\/\/ilgiardinodeitarocchi.it\/accessibilita\/\"]}]},{\"@type\":\"BreadcrumbList\",\"@id\":\"https:\/\/ilgiardinodeitarocchi.it\/accessibilita\/#breadcrumb\",\"itemListElement\":[{\"@type\":\"ListItem\",\"position\":1,\"name\":\"Home\",\"item\":\"https:\/\/ilgiardinodeitarocchi.it\/\"},{\"@type\":\"ListItem\",\"position\":2,\"name\":\"ACCESSIBILIT\u00c0\"}]},{\"@type\":\"WebSite\",\"@id\":\"https:\/\/ilgiardinodeitarocchi.it\/#website\",\"url\":\"https:\/\/ilgiardinodeitarocchi.it\/\",\"name\":\"Il Giardino Dei Tarocchi - Official Website\",\"description\":\"Sito ufficiale del Giardino dei Tarocchi di Niki De Saint Phalle\",\"potentialAction\":[{\"@type\":\"SearchAction\",\"target\":{\"@type\":\"EntryPoint\",\"urlTemplate\":\"https:\/\/ilgiardinodeitarocchi.it\/?s={search_term_string}\"},\"query-input\":\"required name=search_term_string\"}],\"inLanguage\":\"de\"}]}<\/script>\n<!-- \/ Yoast SEO plugin. -->","yoast_head_json":{"title":"ACCESSIBILIT\u00c0 - Il Giardino Dei Tarocchi - Official Website","robots":{"index":"index","follow":"follow","max-snippet":"max-snippet:-1","max-image-preview":"max-image-preview:large","max-video-preview":"max-video-preview:-1"},"canonical":"https:\/\/ilgiardinodeitarocchi.it\/de\/accessibilita\/","og_locale":"de_DE","og_type":"article","og_title":"ACCESSIBILIT\u00c0 - Il Giardino Dei Tarocchi - Official Website","og_description":"ACCESSIBILIT\u00c0___ La Fondazione Giardino dei Tarocchi informa che l&#8217;accessibilit\u00e0 al parco del museo per i visitatori con gravi disabilit\u00e0 motorie \u00e8 limitata, a causa della morfologia del parco del museo su cui si trovano le sculture.Il visitatore pu\u00f2 accedere solo &hellip; Continue reading &rarr;","og_url":"https:\/\/ilgiardinodeitarocchi.it\/de\/accessibilita\/","og_site_name":"Il Giardino Dei Tarocchi - Official Website","article_modified_time":"2025-01-30T13:14:05+00:00","twitter_misc":{"Gesch\u00e4tzte Lesezeit":"2\u00a0Minuten"},"schema":{"@context":"https:\/\/schema.org","@graph":[{"@type":"WebPage","@id":"https:\/\/ilgiardinodeitarocchi.it\/accessibilita\/","url":"https:\/\/ilgiardinodeitarocchi.it\/accessibilita\/","name":"ACCESSIBILIT\u00c0 - Il Giardino Dei Tarocchi - Official Website","isPartOf":{"@id":"https:\/\/ilgiardinodeitarocchi.it\/#website"},"datePublished":"2021-08-03T11:07:42+00:00","dateModified":"2025-01-30T13:14:05+00:00","breadcrumb":{"@id":"https:\/\/ilgiardinodeitarocchi.it\/accessibilita\/#breadcrumb"},"inLanguage":"de","potentialAction":[{"@type":"ReadAction","target":["https:\/\/ilgiardinodeitarocchi.it\/accessibilita\/"]}]},{"@type":"BreadcrumbList","@id":"https:\/\/ilgiardinodeitarocchi.it\/accessibilita\/#breadcrumb","itemListElement":[{"@type":"ListItem","position":1,"name":"Home","item":"https:\/\/ilgiardinodeitarocchi.it\/"},{"@type":"ListItem","position":2,"name":"ACCESSIBILIT\u00c0"}]},{"@type":"WebSite","@id":"https:\/\/ilgiardinodeitarocchi.it\/#website","url":"https:\/\/ilgiardinodeitarocchi.it\/","name":"Il Giardino Dei Tarocchi - Official Website","description":"Sito ufficiale del Giardino dei Tarocchi di Niki De Saint Phalle","potentialAction":[{"@type":"SearchAction","target":{"@type":"EntryPoint","urlTemplate":"https:\/\/ilgiardinodeitarocchi.it\/?s={search_term_string}"},"query-input":"required name=search_term_string"}],"inLanguage":"de"}]}},"_links":{"self":[{"href":"https:\/\/ilgiardinodeitarocchi.it\/de\/wp-json\/wp\/v2\/pages\/2426"}],"collection":[{"href":"https:\/\/ilgiardinodeitarocchi.it\/de\/wp-json\/wp\/v2\/pages"}],"about":[{"href":"https:\/\/ilgiardinodeitarocchi.it\/de\/wp-json\/wp\/v2\/types\/page"}],"author":[{"embeddable":true,"href":"https:\/\/ilgiardinodeitarocchi.it\/de\/wp-json\/wp\/v2\/users\/1"}],"replies":[{"embeddable":true,"href":"https:\/\/ilgiardinodeitarocchi.it\/de\/wp-json\/wp\/v2\/comments?post=2426"}],"version-history":[{"count":50,"href":"https:\/\/ilgiardinodeitarocchi.it\/de\/wp-json\/wp\/v2\/pages\/2426\/revisions"}],"predecessor-version":[{"id":3096,"href":"https:\/\/ilgiardinodeitarocchi.it\/de\/wp-json\/wp\/v2\/pages\/2426\/revisions\/3096"}],"wp:attachment":[{"href":"https:\/\/ilgiardinodeitarocchi.it\/de\/wp-json\/wp\/v2\/media?parent=2426"}],"curies":[{"name":"wp","href":"https:\/\/api.w.org\/{rel}","templated":true}]}}