{"id":2559,"date":"2022-02-24T14:53:11","date_gmt":"2022-02-24T13:53:11","guid":{"rendered":"https:\/\/ilgiardinodeitarocchi.smart-soluce.com\/?page_id=2559"},"modified":"2024-05-23T03:14:51","modified_gmt":"2024-05-23T01:14:51","slug":"stampa","status":"publish","type":"page","link":"https:\/\/ilgiardinodeitarocchi.it\/de\/stampa\/","title":{"rendered":"Presse"},"content":{"rendered":"<h1 class=\"wp-block-heading\">PRESSEKONTAKT<\/h1>\n<p><a href=\"\/de\/ma&\/#105;&#108;&#116;&#111;&#x3a;&#x70;&#x72;&#x65;&#x73;s&#64;&#105;&#108;&#103;&#105;&#x61;&#x72;&#x64;&#x69;&#x6e;od&#101;&#105;&#116;&#97;&#x72;&#x6f;&#x63;&#x63;&#x68;i&#46;i&#116;\" target=\"_blank\" rel=\"noopener\">&#112;r&#x65;s&#x73;&#64;&#x69;l&#x67;&#105;&#x61;&#114;&#x64;&#105;&#x6e;&#111;d&#101;i&#x74;a&#x72;o&#x63;&#99;&#x68;&#105;&#x2e;&#105;&#x74;<\/a><\/p>\n<p>Die Tarot Garden Foundation besitzt das Urheberrecht an den Kunstwerken des Tarotgartens, unabh\u00e4ngig davon, wer Eigent\u00fcmer der einzelnen Kunstwerke ist. Wenn Sie bereits ein Bild des Kunstwerks haben, das Sie verwenden m\u00f6chten, senden Sie bitte das PDF-Layout an <a href=\"\/de\/&\/#109;&#x61;&#105;&#x6c;&#116;&#x6f;&#58;&#x70;&#114;&#x65;&#115;&#x73;&#64;&#x69;l&#x67;i&#x61;r&#x64;i&#x6e;o&#100;&#x65;&#105;&#x74;&#97;&#x72;&#111;&#x63;&#99;&#x68;&#105;&#x2e;&#105;&#x74;\" target=\"_blank\" rel=\"noopener\">&#112;&#x72;e&#115;&#x73;&#64;&#x69;l&#103;&#x69;a&#x72;&#x64;&#105;&#x6e;o&#100;&#x65;i&#x74;&#x61;&#114;&#x6f;c&#99;&#x68;&#105;&#x2e;i&#116;<\/a> zur visuellen Freigabe.<\/p>\n<p>Wenn Sie keine Bilder haben und m\u00f6chten, dass wir Ihnen welche schicken, k\u00f6nnen Sie uns an diese Adresse <a href=\"\/de\/m&\/#97;&#x69;&#x6c;&#x74;o&#58;&#112;&#x72;&#x65;s&#115;&#64;&#x69;&#x6c;gi&#97;&#x72;&#x64;&#x69;n&#111;&#x64;&#x65;&#x69;t&#97;&#114;&#x6f;&#x63;c&#104;&#105;&#x2e;&#x69;t\" target=\"_blank\" rel=\"noopener\">&#112;&#x72;&#x65;&#115;&#x73;&#x40;&#105;&#x6c;&#x67;&#105;&#x61;&#x72;&#100;&#x69;&#x6e;&#111;&#x64;&#x65;&#105;&#x74;&#x61;&#114;&#x6f;&#x63;&#99;&#x68;&#x69;&#46;&#x69;&#x74;<\/a> schreiben und Ihr Publikationsprojekt beschreiben. Diese Bilder k\u00f6nnen gegen eine Geb\u00fchr ausgeliehen werden, und es muss ein Leihvertrag f\u00fcr die Verwendung des Bildes mit der Tarot Garden Foundation unterzeichnet werden. Au\u00dferdem muss in vielen F\u00e4llen die Erlaubnis des Fotografen eingeholt werden.<br \/>F\u00fcr alle anderen Werke der K\u00fcnstlerin Niki de Saint Phalle wenden Sie sich bitte an die Niki Charitable Art Foundation, die das Urheberrecht an den Werken von Niki de Saint Phalle besitzt: <a href=\"\/de\/&\/#109;&#x61;&#105;&#x6c;t&#x6f;:&#97;&#x72;&#99;&#x68;&#105;&#x76;e&#x73;&#64;&#110;&#x69;&#107;&#x69;d&#x65;s&#x61;&#x69;&#110;&#x74;&#112;&#x68;a&#x6c;l&#101;&#x2e;&#111;&#x72;&#103;\" target=\"_blank\" rel=\"noopener\">&#x61;&#x72;&#x63;&#x68;&#x69;&#x76;&#x65;&#x73;&#x40;&#x6e;&#x69;&#x6b;&#x69;&#x64;&#101;&#115;&#97;&#105;&#110;&#116;&#112;&#104;&#97;&#108;&#108;e&#46;org<\/a><br \/>Der Tarotgarten und die Niki Charitable Art Fouandation arbeiten mit der ADAGP und ihren Schwestergesellschaften in der ganzen Welt zusammen und m\u00fcssen f\u00fcr jede Ver\u00f6ffentlichung von Niki de Saint Phalle's Kunstwerken kontaktiert werden. Die ADAGP pr\u00fcft, ob Lizenzgeb\u00fchren f\u00e4llig sind und handelt im Namen der Niki Charitable Art Foundation, um Strafen einzutreiben, wenn Ver\u00f6ffentlichungen ohne Genehmigung vorgenommen wurden.<br \/>Link: <a href=\"http:\/\/www.adagp.fr\/fr\/adagp\/organisation\/contacts\" target=\"_blank\" rel=\"noopener\">http:\/\/www.adagp.fr\/fr\/adagp\/organisation\/contacts<\/a><\/p>\n<h1 class=\"wp-block-heading\">Kann ich Informationen von der Website verwenden?<\/h1>\n<p>Alle Bilder und Informationen auf der Website sind urheberrechtlich gesch\u00fctzt und werden als solche auf der jeweiligen Seite angegeben. Die unbefugte Verwendung oder Vervielf\u00e4ltigung von Material ohne ausdr\u00fcckliche Genehmigung der Tarot Garden Foundation ist strengstens untersagt. Inhalte und Bilder d\u00fcrfen nur f\u00fcr p\u00e4dagogische und nicht gewinnorientierte Zwecke verwendet werden. Die Tarot Garden Foundation muss in vollem Umfang genannt werden, und es muss ein Hinweis auf den zitierten Originalinhalt erfolgen. \u00dcbersetzt mit.<\/p>","protected":false},"excerpt":{"rendered":"<p>CONTATTO CON LA STAMPA &#x70;&#114;&#101;&#x73;&#x73;&#64;&#105;&#x6c;&#x67;&#105;&#97;&#x72;&#x64;&#105;&#110;&#x6f;&#x64;&#101;&#105;&#x74;&#x61;&#114;&#111;&#x63;&#x63;&#104;&#105;&#x2e;&#x69;&#116; La Fondazione del Giardino dei Tarocchi detiene il copyright delle opere d&#8217;arte del Giardino dei Tarocchi, indipendentemente da chi possiede specifiche opere d&#8217;arte. Se hai gi\u00e0 un&#8217;immagine dell&#8217;opera d&#8217;arte che vuoi usare, per favore invia &hellip; <a href=\"https:\/\/ilgiardinodeitarocchi.it\/de\/stampa\/\">Continue reading <span class=\"meta-nav\">&rarr;<\/span><\/a><\/p>","protected":false},"author":1,"featured_media":0,"parent":0,"menu_order":0,"comment_status":"closed","ping_status":"closed","template":"","meta":{"_acf_changed":false,"footnotes":""},"acf":[],"yoast_head":"<!-- This site is optimized with the Yoast SEO plugin v22.7 - https:\/\/yoast.com\/wordpress\/plugins\/seo\/ -->\n<title>Stampa - Il Giardino Dei Tarocchi - Official Website<\/title>\n<meta name=\"robots\" content=\"index, follow, max-snippet:-1, max-image-preview:large, max-video-preview:-1\" \/>\n<link rel=\"canonical\" href=\"https:\/\/ilgiardinodeitarocchi.it\/de\/stampa\/\" \/>\n<meta property=\"og:locale\" content=\"de_DE\" \/>\n<meta property=\"og:type\" content=\"article\" \/>\n<meta property=\"og:title\" content=\"Stampa - Il Giardino Dei Tarocchi - Official Website\" \/>\n<meta property=\"og:description\" content=\"CONTATTO CON LA STAMPA &#112;&#x72;&#x65;&#115;&#x73;&#x40;i&#x6c;&#x67;i&#097;&#x72;d&#105;&#x6e;o&#100;&#x65;i&#116;&#x61;r&#111;&#x63;&#x63;&#104;&#x69;&#x2e;&#105;&#x74; La Fondazione del Giardino dei Tarocchi detiene il copyright delle opere d&#8217;arte del Giardino dei Tarocchi, indipendentemente da chi possiede specifiche opere d&#8217;arte. Se hai gi\u00e0 un&#8217;immagine dell&#8217;opera d&#8217;arte che vuoi usare, per favore invia &hellip; Continue reading &rarr;\" \/>\n<meta property=\"og:url\" content=\"https:\/\/ilgiardinodeitarocchi.it\/de\/stampa\/\" \/>\n<meta property=\"og:site_name\" content=\"Il Giardino Dei Tarocchi - Official Website\" \/>\n<meta property=\"article:modified_time\" content=\"2024-05-23T01:14:51+00:00\" \/>\n<meta name=\"twitter:label1\" content=\"Gesch\u00e4tzte Lesezeit\" \/>\n\t<meta name=\"twitter:data1\" content=\"2\u00a0Minuten\" \/>\n<script type=\"application\/ld+json\" class=\"yoast-schema-graph\">{\"@context\":\"https:\/\/schema.org\",\"@graph\":[{\"@type\":\"WebPage\",\"@id\":\"https:\/\/ilgiardinodeitarocchi.it\/stampa\/\",\"url\":\"https:\/\/ilgiardinodeitarocchi.it\/stampa\/\",\"name\":\"Stampa - Il Giardino Dei Tarocchi - Official Website\",\"isPartOf\":{\"@id\":\"https:\/\/ilgiardinodeitarocchi.it\/#website\"},\"datePublished\":\"2022-02-24T13:53:11+00:00\",\"dateModified\":\"2024-05-23T01:14:51+00:00\",\"breadcrumb\":{\"@id\":\"https:\/\/ilgiardinodeitarocchi.it\/stampa\/#breadcrumb\"},\"inLanguage\":\"de\",\"potentialAction\":[{\"@type\":\"ReadAction\",\"target\":[\"https:\/\/ilgiardinodeitarocchi.it\/stampa\/\"]}]},{\"@type\":\"BreadcrumbList\",\"@id\":\"https:\/\/ilgiardinodeitarocchi.it\/stampa\/#breadcrumb\",\"itemListElement\":[{\"@type\":\"ListItem\",\"position\":1,\"name\":\"Home\",\"item\":\"https:\/\/ilgiardinodeitarocchi.it\/\"},{\"@type\":\"ListItem\",\"position\":2,\"name\":\"Stampa\"}]},{\"@type\":\"WebSite\",\"@id\":\"https:\/\/ilgiardinodeitarocchi.it\/#website\",\"url\":\"https:\/\/ilgiardinodeitarocchi.it\/\",\"name\":\"Il Giardino Dei Tarocchi - Official Website\",\"description\":\"Sito ufficiale del Giardino dei Tarocchi di Niki De Saint Phalle\",\"potentialAction\":[{\"@type\":\"SearchAction\",\"target\":{\"@type\":\"EntryPoint\",\"urlTemplate\":\"https:\/\/ilgiardinodeitarocchi.it\/?s={search_term_string}\"},\"query-input\":\"required name=search_term_string\"}],\"inLanguage\":\"de\"}]}<\/script>\n<!-- \/ Yoast SEO plugin. -->","yoast_head_json":{"title":"Stampa - Il Giardino Dei Tarocchi - Official Website","robots":{"index":"index","follow":"follow","max-snippet":"max-snippet:-1","max-image-preview":"max-image-preview:large","max-video-preview":"max-video-preview:-1"},"canonical":"https:\/\/ilgiardinodeitarocchi.it\/de\/stampa\/","og_locale":"de_DE","og_type":"article","og_title":"Stampa - Il Giardino Dei Tarocchi - Official Website","og_description":"CONTATTO CON LA STAMPA &#112;&#x72;&#x65;&#115;&#x73;&#x40;i&#x6c;&#x67;i&#97;&#x72;d&#105;&#x6e;o&#100;&#x65;i&#116;&#x61;r&#111;&#x63;&#x63;&#104;&#x69;&#x2e;&#105;&#x74; La Fondazione del Giardino dei Tarocchi detiene il copyright delle opere d&#8217;arte del Giardino dei Tarocchi, indipendentemente da chi possiede specifiche opere d&#8217;arte. Se hai gi\u00e0 un&#8217;immagine dell&#8217;opera d&#8217;arte che vuoi usare, per favore invia &hellip; Continue reading &rarr;","og_url":"https:\/\/ilgiardinodeitarocchi.it\/de\/stampa\/","og_site_name":"Il Giardino Dei Tarocchi - Official Website","article_modified_time":"2024-05-23T01:14:51+00:00","twitter_misc":{"Gesch\u00e4tzte Lesezeit":"2\u00a0Minuten"},"schema":{"@context":"https:\/\/schema.org","@graph":[{"@type":"WebPage","@id":"https:\/\/ilgiardinodeitarocchi.it\/stampa\/","url":"https:\/\/ilgiardinodeitarocchi.it\/stampa\/","name":"Stampa - Il Giardino Dei Tarocchi - Official Website","isPartOf":{"@id":"https:\/\/ilgiardinodeitarocchi.it\/#website"},"datePublished":"2022-02-24T13:53:11+00:00","dateModified":"2024-05-23T01:14:51+00:00","breadcrumb":{"@id":"https:\/\/ilgiardinodeitarocchi.it\/stampa\/#breadcrumb"},"inLanguage":"de","potentialAction":[{"@type":"ReadAction","target":["https:\/\/ilgiardinodeitarocchi.it\/stampa\/"]}]},{"@type":"BreadcrumbList","@id":"https:\/\/ilgiardinodeitarocchi.it\/stampa\/#breadcrumb","itemListElement":[{"@type":"ListItem","position":1,"name":"Home","item":"https:\/\/ilgiardinodeitarocchi.it\/"},{"@type":"ListItem","position":2,"name":"Stampa"}]},{"@type":"WebSite","@id":"https:\/\/ilgiardinodeitarocchi.it\/#website","url":"https:\/\/ilgiardinodeitarocchi.it\/","name":"Il Giardino Dei Tarocchi - Official Website","description":"Sito ufficiale del Giardino dei Tarocchi di Niki De Saint Phalle","potentialAction":[{"@type":"SearchAction","target":{"@type":"EntryPoint","urlTemplate":"https:\/\/ilgiardinodeitarocchi.it\/?s={search_term_string}"},"query-input":"required name=search_term_string"}],"inLanguage":"de"}]}},"_links":{"self":[{"href":"https:\/\/ilgiardinodeitarocchi.it\/de\/wp-json\/wp\/v2\/pages\/2559"}],"collection":[{"href":"https:\/\/ilgiardinodeitarocchi.it\/de\/wp-json\/wp\/v2\/pages"}],"about":[{"href":"https:\/\/ilgiardinodeitarocchi.it\/de\/wp-json\/wp\/v2\/types\/page"}],"author":[{"embeddable":true,"href":"https:\/\/ilgiardinodeitarocchi.it\/de\/wp-json\/wp\/v2\/users\/1"}],"replies":[{"embeddable":true,"href":"https:\/\/ilgiardinodeitarocchi.it\/de\/wp-json\/wp\/v2\/comments?post=2559"}],"version-history":[{"count":21,"href":"https:\/\/ilgiardinodeitarocchi.it\/de\/wp-json\/wp\/v2\/pages\/2559\/revisions"}],"predecessor-version":[{"id":2988,"href":"https:\/\/ilgiardinodeitarocchi.it\/de\/wp-json\/wp\/v2\/pages\/2559\/revisions\/2988"}],"wp:attachment":[{"href":"https:\/\/ilgiardinodeitarocchi.it\/de\/wp-json\/wp\/v2\/media?parent=2559"}],"curies":[{"name":"wp","href":"https:\/\/api.w.org\/{rel}","templated":true}]}}