{"id":2614,"date":"2022-02-25T16:00:53","date_gmt":"2022-02-25T15:00:53","guid":{"rendered":"https:\/\/ilgiardinodeitarocchi.smart-soluce.com\/?page_id=2614"},"modified":"2024-05-23T03:03:44","modified_gmt":"2024-05-23T01:03:44","slug":"la-fondazione","status":"publish","type":"page","link":"https:\/\/ilgiardinodeitarocchi.it\/de\/la-fondazione\/","title":{"rendered":"Die Stiftung"},"content":{"rendered":"<h2 class=\"wp-block-heading\">Die Tarot-Garten-Stiftung<br \/>_____<\/h2>\n<p>Niki de Saint Phalle hat den Tarotgarten immer als ihr Lebenswerk betrachtet.<\/p>\n<p>Mehr als 20 Jahre lang arbeitete Saint Phalle unerm\u00fcdlich an der Gestaltung und dem Bau der Skulpturen und lebte sogar jahrelang im Inneren der Kaiserin. Sie fand verschiedene Wege, um die Schaffung des Gartens in v\u00f6lliger Unabh\u00e4ngigkeit durch ihre Arbeit zu finanzieren. W\u00e4hrend ihrer Jahre in der Maremma schuf sie ein lokales Team, das gr\u00f6\u00dftenteils noch heute aktiv ist. Sie lud auch eine kleine Auswahl von K\u00fcnstlern zur Teilnahme ein.<\/p>\n<p>Niki de Saint Phalle erdachte und konzipierte einen \"esoterischen Spaziergang zwischen Natur und Kultur\". Um ihren Tarot-Garten zu erhalten, gr\u00fcndete sie 1999 eine Stiftung, benannte pers\u00f6nlich die Mitglieder des Stiftungsrates und legte dessen Aufgabe klar fest: die Erhaltung!<\/p>\n<p>Wie von Saint Phalle gew\u00fcnscht, wurde der designierte Inhaber ihrer moralischen Rechte nach ihrem Tod Pr\u00e4sident des Tarotgartens.<br \/>Der Verwaltungsrat tritt mindestens einmal im Jahr zusammen.<\/p>\n<p><strong>Die Hauptaufgaben der Stiftung sind :<\/strong><br \/>\u201cDen Geist des Ganzen und der Werke, aus denen es besteht, f\u00fcr k\u00fcnftige Generationen zu bewahren und zu erhalten, und zwar in dem Zustand, in dem es sich zum Zeitpunkt ihres Todes befand\u201d.<br \/>\u201cDas Museum f\u00fcr die \u00d6ffentlichkeit zu \u00f6ffnen\u201d.<br \/>\u201cDie Verwaltung und Instandhaltung des Ganzen zu gew\u00e4hrleisten.\u201d.<\/p>","protected":false},"excerpt":{"rendered":"<p>La Fondazione Il Giardino dei Tarocchi_____ Niki de Saint Phalle ha sempre considerato il Giardino dei Tarocchi il lavoro della sua vita. Per oltre 20 anni, Saint Phalle ha lavorato instancabilmente per creare e costruire le sculture, vivendo anche per &hellip; <a href=\"https:\/\/ilgiardinodeitarocchi.it\/de\/la-fondazione\/\">Continue reading <span class=\"meta-nav\">&rarr;<\/span><\/a><\/p>","protected":false},"author":1,"featured_media":0,"parent":0,"menu_order":0,"comment_status":"closed","ping_status":"closed","template":"","meta":{"_acf_changed":false,"footnotes":""},"acf":[],"yoast_head":"<!-- This site is optimized with the Yoast SEO plugin v22.7 - https:\/\/yoast.com\/wordpress\/plugins\/seo\/ -->\n<title>La Fondazione - Il Giardino Dei Tarocchi - Official Website<\/title>\n<meta name=\"robots\" content=\"index, follow, max-snippet:-1, max-image-preview:large, max-video-preview:-1\" \/>\n<link rel=\"canonical\" href=\"https:\/\/ilgiardinodeitarocchi.it\/de\/la-fondazione\/\" \/>\n<meta property=\"og:locale\" content=\"de_DE\" \/>\n<meta property=\"og:type\" content=\"article\" \/>\n<meta property=\"og:title\" content=\"La Fondazione - Il Giardino Dei Tarocchi - Official Website\" \/>\n<meta property=\"og:description\" content=\"La Fondazione Il Giardino dei Tarocchi_____ Niki de Saint Phalle ha sempre considerato il Giardino dei Tarocchi il lavoro della sua vita. Per oltre 20 anni, Saint Phalle ha lavorato instancabilmente per creare e costruire le sculture, vivendo anche per &hellip; Continue reading &rarr;\" \/>\n<meta property=\"og:url\" content=\"https:\/\/ilgiardinodeitarocchi.it\/de\/la-fondazione\/\" \/>\n<meta property=\"og:site_name\" content=\"Il Giardino Dei Tarocchi - Official Website\" \/>\n<meta property=\"article:modified_time\" content=\"2024-05-23T01:03:44+00:00\" \/>\n<meta name=\"twitter:label1\" content=\"Gesch\u00e4tzte Lesezeit\" \/>\n\t<meta name=\"twitter:data1\" content=\"1\u00a0Minute\" \/>\n<script type=\"application\/ld+json\" class=\"yoast-schema-graph\">{\"@context\":\"https:\/\/schema.org\",\"@graph\":[{\"@type\":\"WebPage\",\"@id\":\"https:\/\/ilgiardinodeitarocchi.it\/la-fondazione\/\",\"url\":\"https:\/\/ilgiardinodeitarocchi.it\/la-fondazione\/\",\"name\":\"La Fondazione - Il Giardino Dei Tarocchi - Official Website\",\"isPartOf\":{\"@id\":\"https:\/\/ilgiardinodeitarocchi.it\/#website\"},\"datePublished\":\"2022-02-25T15:00:53+00:00\",\"dateModified\":\"2024-05-23T01:03:44+00:00\",\"breadcrumb\":{\"@id\":\"https:\/\/ilgiardinodeitarocchi.it\/la-fondazione\/#breadcrumb\"},\"inLanguage\":\"de\",\"potentialAction\":[{\"@type\":\"ReadAction\",\"target\":[\"https:\/\/ilgiardinodeitarocchi.it\/la-fondazione\/\"]}]},{\"@type\":\"BreadcrumbList\",\"@id\":\"https:\/\/ilgiardinodeitarocchi.it\/la-fondazione\/#breadcrumb\",\"itemListElement\":[{\"@type\":\"ListItem\",\"position\":1,\"name\":\"Home\",\"item\":\"https:\/\/ilgiardinodeitarocchi.it\/\"},{\"@type\":\"ListItem\",\"position\":2,\"name\":\"La Fondazione\"}]},{\"@type\":\"WebSite\",\"@id\":\"https:\/\/ilgiardinodeitarocchi.it\/#website\",\"url\":\"https:\/\/ilgiardinodeitarocchi.it\/\",\"name\":\"Il Giardino Dei Tarocchi - Official Website\",\"description\":\"Sito ufficiale del Giardino dei Tarocchi di Niki De Saint Phalle\",\"potentialAction\":[{\"@type\":\"SearchAction\",\"target\":{\"@type\":\"EntryPoint\",\"urlTemplate\":\"https:\/\/ilgiardinodeitarocchi.it\/?s={search_term_string}\"},\"query-input\":\"required name=search_term_string\"}],\"inLanguage\":\"de\"}]}<\/script>\n<!-- \/ Yoast SEO plugin. -->","yoast_head_json":{"title":"La Fondazione - Il Giardino Dei Tarocchi - Official Website","robots":{"index":"index","follow":"follow","max-snippet":"max-snippet:-1","max-image-preview":"max-image-preview:large","max-video-preview":"max-video-preview:-1"},"canonical":"https:\/\/ilgiardinodeitarocchi.it\/de\/la-fondazione\/","og_locale":"de_DE","og_type":"article","og_title":"La Fondazione - Il Giardino Dei Tarocchi - Official Website","og_description":"La Fondazione Il Giardino dei Tarocchi_____ Niki de Saint Phalle ha sempre considerato il Giardino dei Tarocchi il lavoro della sua vita. Per oltre 20 anni, Saint Phalle ha lavorato instancabilmente per creare e costruire le sculture, vivendo anche per &hellip; Continue reading &rarr;","og_url":"https:\/\/ilgiardinodeitarocchi.it\/de\/la-fondazione\/","og_site_name":"Il Giardino Dei Tarocchi - Official Website","article_modified_time":"2024-05-23T01:03:44+00:00","twitter_misc":{"Gesch\u00e4tzte Lesezeit":"1\u00a0Minute"},"schema":{"@context":"https:\/\/schema.org","@graph":[{"@type":"WebPage","@id":"https:\/\/ilgiardinodeitarocchi.it\/la-fondazione\/","url":"https:\/\/ilgiardinodeitarocchi.it\/la-fondazione\/","name":"La Fondazione - Il Giardino Dei Tarocchi - Official Website","isPartOf":{"@id":"https:\/\/ilgiardinodeitarocchi.it\/#website"},"datePublished":"2022-02-25T15:00:53+00:00","dateModified":"2024-05-23T01:03:44+00:00","breadcrumb":{"@id":"https:\/\/ilgiardinodeitarocchi.it\/la-fondazione\/#breadcrumb"},"inLanguage":"de","potentialAction":[{"@type":"ReadAction","target":["https:\/\/ilgiardinodeitarocchi.it\/la-fondazione\/"]}]},{"@type":"BreadcrumbList","@id":"https:\/\/ilgiardinodeitarocchi.it\/la-fondazione\/#breadcrumb","itemListElement":[{"@type":"ListItem","position":1,"name":"Home","item":"https:\/\/ilgiardinodeitarocchi.it\/"},{"@type":"ListItem","position":2,"name":"La Fondazione"}]},{"@type":"WebSite","@id":"https:\/\/ilgiardinodeitarocchi.it\/#website","url":"https:\/\/ilgiardinodeitarocchi.it\/","name":"Il Giardino Dei Tarocchi - Official Website","description":"Sito ufficiale del Giardino dei Tarocchi di Niki De Saint Phalle","potentialAction":[{"@type":"SearchAction","target":{"@type":"EntryPoint","urlTemplate":"https:\/\/ilgiardinodeitarocchi.it\/?s={search_term_string}"},"query-input":"required name=search_term_string"}],"inLanguage":"de"}]}},"_links":{"self":[{"href":"https:\/\/ilgiardinodeitarocchi.it\/de\/wp-json\/wp\/v2\/pages\/2614"}],"collection":[{"href":"https:\/\/ilgiardinodeitarocchi.it\/de\/wp-json\/wp\/v2\/pages"}],"about":[{"href":"https:\/\/ilgiardinodeitarocchi.it\/de\/wp-json\/wp\/v2\/types\/page"}],"author":[{"embeddable":true,"href":"https:\/\/ilgiardinodeitarocchi.it\/de\/wp-json\/wp\/v2\/users\/1"}],"replies":[{"embeddable":true,"href":"https:\/\/ilgiardinodeitarocchi.it\/de\/wp-json\/wp\/v2\/comments?post=2614"}],"version-history":[{"count":15,"href":"https:\/\/ilgiardinodeitarocchi.it\/de\/wp-json\/wp\/v2\/pages\/2614\/revisions"}],"predecessor-version":[{"id":2981,"href":"https:\/\/ilgiardinodeitarocchi.it\/de\/wp-json\/wp\/v2\/pages\/2614\/revisions\/2981"}],"wp:attachment":[{"href":"https:\/\/ilgiardinodeitarocchi.it\/de\/wp-json\/wp\/v2\/media?parent=2614"}],"curies":[{"name":"wp","href":"https:\/\/api.w.org\/{rel}","templated":true}]}}