{"id":2651,"date":"2022-03-24T11:10:50","date_gmt":"2022-03-24T10:10:50","guid":{"rendered":"https:\/\/ilgiardinodeitarocchi.smart-soluce.com\/?page_id=2651"},"modified":"2025-01-30T15:07:26","modified_gmt":"2025-01-30T14:07:26","slug":"gruppi-e-scuole","status":"publish","type":"page","link":"https:\/\/ilgiardinodeitarocchi.it\/de\/gruppi-e-scuole\/","title":{"rendered":"GRUPPEN UND SCHULEN"},"content":{"rendered":"<h2>GRUPPEN EN SCHULEN<br \/>\n_____<\/h2>\n<p>Gruppen von mehr als 25 Personen zahlen 10,00 \u20ac<\/p>\n<p>Schulgruppen zahlen 8,00 \u20ac pro Sch\u00fcler; f\u00fcr je 10 Sch\u00fcler erh\u00e4lt eine erwachsene Aufsichtsperson eine Freikarte.<br \/>\nKinderg\u00e4rten haben freien Zugang.Eine Begleitperson pro 10 Sch\u00fcler hat freien Eintritt.<\/p>\n<p class=\" translation-block\">Personen mit einem Behinderungsgrad von mehr als 67 % + Hilfslehrer haben freien Zugang.\nF\u00fcr Rollstuhlfahrer wenden Sie sich bitte an uns, da es seit diesem Jahr ein spezielles Verfahren f\u00fcr den Zugang mit dem Rollstuhl gibt, das aufgrund von Problemen mit dem Gef\u00e4lle des Gel\u00e4ndes nur teilweise funktioniert, aber Zugang zu einigen der hohen Teile des Kunstparks bietet. reservation@ilgiardinodeitarocchi.it\nWeitere Informationen unter Zug\u00e4nglichkeit<\/p>\n<p>Zu jeder Einlasszeit stehen 120 Eintrittskarten zur Verf\u00fcgung. Wenn Sie die gew\u00fcnschten Karten gleichzeitig kaufen k\u00f6nnen (wir empfehlen Ihnen, einige Tage im Voraus zu kaufen, damit mehr Karten zur Verf\u00fcgung stehen), k\u00f6nnen Sie alle zusammen eintreten, andernfalls k\u00f6nnen Sie sie zu zwei verschiedenen Zeiten kaufen und in Etappen eintreten, oder zwei Gruppen an zwei verschiedenen Tagen.<\/p>\n<p>Der F\u00fchrer, der die Gruppe begleitet, muss eine interne Regelung befolgen, die ihm von den Mitarbeitern des Gartens mitgeteilt wird.<\/p>","protected":false},"excerpt":{"rendered":"<p>GRUPPI E SCUOLE _____ I gruppi sopra le 25 persone pagano 10.00\u20ac Le scolaresche (scuole elementari, medie e superiori) pagano 8.00\u20ac a studente, un accompagnatore ogni 10 studenti ha l\u2019ingresso gratuito. Le scuole dell&#8217;infanzia accedono gratuitamente, la prenotazione resta obbligatoria; &hellip; <a href=\"https:\/\/ilgiardinodeitarocchi.it\/de\/gruppi-e-scuole\/\">Continue reading <span class=\"meta-nav\">&rarr;<\/span><\/a><\/p>","protected":false},"author":1,"featured_media":0,"parent":0,"menu_order":0,"comment_status":"closed","ping_status":"closed","template":"","meta":{"_acf_changed":false,"footnotes":""},"acf":[],"yoast_head":"<!-- This site is optimized with the Yoast SEO plugin v22.7 - https:\/\/yoast.com\/wordpress\/plugins\/seo\/ -->\n<title>GRUPPI e SCUOLE - Il Giardino Dei Tarocchi - Official Website<\/title>\n<meta name=\"robots\" content=\"index, follow, max-snippet:-1, max-image-preview:large, max-video-preview:-1\" \/>\n<link rel=\"canonical\" href=\"https:\/\/ilgiardinodeitarocchi.it\/de\/gruppi-e-scuole\/\" \/>\n<meta property=\"og:locale\" content=\"de_DE\" \/>\n<meta property=\"og:type\" content=\"article\" \/>\n<meta property=\"og:title\" content=\"GRUPPI e SCUOLE - Il Giardino Dei Tarocchi - Official Website\" \/>\n<meta property=\"og:description\" content=\"GRUPPI E SCUOLE _____ I gruppi sopra le 25 persone pagano 10.00\u20ac Le scolaresche (scuole elementari, medie e superiori) pagano 8.00\u20ac a studente, un accompagnatore ogni 10 studenti ha l\u2019ingresso gratuito. Le scuole dell&#8217;infanzia accedono gratuitamente, la prenotazione resta obbligatoria; &hellip; Continue reading &rarr;\" \/>\n<meta property=\"og:url\" content=\"https:\/\/ilgiardinodeitarocchi.it\/de\/gruppi-e-scuole\/\" \/>\n<meta property=\"og:site_name\" content=\"Il Giardino Dei Tarocchi - Official Website\" \/>\n<meta property=\"article:modified_time\" content=\"2025-01-30T14:07:26+00:00\" \/>\n<meta name=\"twitter:label1\" content=\"Gesch\u00e4tzte Lesezeit\" \/>\n\t<meta name=\"twitter:data1\" content=\"1\u00a0Minute\" \/>\n<script type=\"application\/ld+json\" class=\"yoast-schema-graph\">{\"@context\":\"https:\/\/schema.org\",\"@graph\":[{\"@type\":\"WebPage\",\"@id\":\"https:\/\/ilgiardinodeitarocchi.it\/gruppi-e-scuole\/\",\"url\":\"https:\/\/ilgiardinodeitarocchi.it\/gruppi-e-scuole\/\",\"name\":\"GRUPPI e SCUOLE - Il Giardino Dei Tarocchi - Official Website\",\"isPartOf\":{\"@id\":\"https:\/\/ilgiardinodeitarocchi.it\/#website\"},\"datePublished\":\"2022-03-24T10:10:50+00:00\",\"dateModified\":\"2025-01-30T14:07:26+00:00\",\"breadcrumb\":{\"@id\":\"https:\/\/ilgiardinodeitarocchi.it\/gruppi-e-scuole\/#breadcrumb\"},\"inLanguage\":\"de\",\"potentialAction\":[{\"@type\":\"ReadAction\",\"target\":[\"https:\/\/ilgiardinodeitarocchi.it\/gruppi-e-scuole\/\"]}]},{\"@type\":\"BreadcrumbList\",\"@id\":\"https:\/\/ilgiardinodeitarocchi.it\/gruppi-e-scuole\/#breadcrumb\",\"itemListElement\":[{\"@type\":\"ListItem\",\"position\":1,\"name\":\"Home\",\"item\":\"https:\/\/ilgiardinodeitarocchi.it\/\"},{\"@type\":\"ListItem\",\"position\":2,\"name\":\"GRUPPI e SCUOLE\"}]},{\"@type\":\"WebSite\",\"@id\":\"https:\/\/ilgiardinodeitarocchi.it\/#website\",\"url\":\"https:\/\/ilgiardinodeitarocchi.it\/\",\"name\":\"Il Giardino Dei Tarocchi - Official Website\",\"description\":\"Sito ufficiale del Giardino dei Tarocchi di Niki De Saint Phalle\",\"potentialAction\":[{\"@type\":\"SearchAction\",\"target\":{\"@type\":\"EntryPoint\",\"urlTemplate\":\"https:\/\/ilgiardinodeitarocchi.it\/?s={search_term_string}\"},\"query-input\":\"required name=search_term_string\"}],\"inLanguage\":\"de\"}]}<\/script>\n<!-- \/ Yoast SEO plugin. -->","yoast_head_json":{"title":"GRUPPI e SCUOLE - Il Giardino Dei Tarocchi - Official Website","robots":{"index":"index","follow":"follow","max-snippet":"max-snippet:-1","max-image-preview":"max-image-preview:large","max-video-preview":"max-video-preview:-1"},"canonical":"https:\/\/ilgiardinodeitarocchi.it\/de\/gruppi-e-scuole\/","og_locale":"de_DE","og_type":"article","og_title":"GRUPPI e SCUOLE - Il Giardino Dei Tarocchi - Official Website","og_description":"GRUPPI E SCUOLE _____ I gruppi sopra le 25 persone pagano 10.00\u20ac Le scolaresche (scuole elementari, medie e superiori) pagano 8.00\u20ac a studente, un accompagnatore ogni 10 studenti ha l\u2019ingresso gratuito. Le scuole dell&#8217;infanzia accedono gratuitamente, la prenotazione resta obbligatoria; &hellip; Continue reading &rarr;","og_url":"https:\/\/ilgiardinodeitarocchi.it\/de\/gruppi-e-scuole\/","og_site_name":"Il Giardino Dei Tarocchi - Official Website","article_modified_time":"2025-01-30T14:07:26+00:00","twitter_misc":{"Gesch\u00e4tzte Lesezeit":"1\u00a0Minute"},"schema":{"@context":"https:\/\/schema.org","@graph":[{"@type":"WebPage","@id":"https:\/\/ilgiardinodeitarocchi.it\/gruppi-e-scuole\/","url":"https:\/\/ilgiardinodeitarocchi.it\/gruppi-e-scuole\/","name":"GRUPPI e SCUOLE - Il Giardino Dei Tarocchi - Official Website","isPartOf":{"@id":"https:\/\/ilgiardinodeitarocchi.it\/#website"},"datePublished":"2022-03-24T10:10:50+00:00","dateModified":"2025-01-30T14:07:26+00:00","breadcrumb":{"@id":"https:\/\/ilgiardinodeitarocchi.it\/gruppi-e-scuole\/#breadcrumb"},"inLanguage":"de","potentialAction":[{"@type":"ReadAction","target":["https:\/\/ilgiardinodeitarocchi.it\/gruppi-e-scuole\/"]}]},{"@type":"BreadcrumbList","@id":"https:\/\/ilgiardinodeitarocchi.it\/gruppi-e-scuole\/#breadcrumb","itemListElement":[{"@type":"ListItem","position":1,"name":"Home","item":"https:\/\/ilgiardinodeitarocchi.it\/"},{"@type":"ListItem","position":2,"name":"GRUPPI e SCUOLE"}]},{"@type":"WebSite","@id":"https:\/\/ilgiardinodeitarocchi.it\/#website","url":"https:\/\/ilgiardinodeitarocchi.it\/","name":"Il Giardino Dei Tarocchi - Official Website","description":"Sito ufficiale del Giardino dei Tarocchi di Niki De Saint Phalle","potentialAction":[{"@type":"SearchAction","target":{"@type":"EntryPoint","urlTemplate":"https:\/\/ilgiardinodeitarocchi.it\/?s={search_term_string}"},"query-input":"required name=search_term_string"}],"inLanguage":"de"}]}},"_links":{"self":[{"href":"https:\/\/ilgiardinodeitarocchi.it\/de\/wp-json\/wp\/v2\/pages\/2651"}],"collection":[{"href":"https:\/\/ilgiardinodeitarocchi.it\/de\/wp-json\/wp\/v2\/pages"}],"about":[{"href":"https:\/\/ilgiardinodeitarocchi.it\/de\/wp-json\/wp\/v2\/types\/page"}],"author":[{"embeddable":true,"href":"https:\/\/ilgiardinodeitarocchi.it\/de\/wp-json\/wp\/v2\/users\/1"}],"replies":[{"embeddable":true,"href":"https:\/\/ilgiardinodeitarocchi.it\/de\/wp-json\/wp\/v2\/comments?post=2651"}],"version-history":[{"count":21,"href":"https:\/\/ilgiardinodeitarocchi.it\/de\/wp-json\/wp\/v2\/pages\/2651\/revisions"}],"predecessor-version":[{"id":3075,"href":"https:\/\/ilgiardinodeitarocchi.it\/de\/wp-json\/wp\/v2\/pages\/2651\/revisions\/3075"}],"wp:attachment":[{"href":"https:\/\/ilgiardinodeitarocchi.it\/de\/wp-json\/wp\/v2\/media?parent=2651"}],"curies":[{"name":"wp","href":"https:\/\/api.w.org\/{rel}","templated":true}]}}