{"id":2426,"date":"2021-08-03T13:07:42","date_gmt":"2021-08-03T11:07:42","guid":{"rendered":"https:\/\/ilgiardinodeitarocchi.smart-soluce.com\/?page_id=2426"},"modified":"2025-01-30T14:14:05","modified_gmt":"2025-01-30T13:14:05","slug":"accessibilita","status":"publish","type":"page","link":"https:\/\/ilgiardinodeitarocchi.it\/en\/accessibilita\/","title":{"rendered":"ACCESSIBILITY"},"content":{"rendered":"<h2 class=\"wp-block-heading\">ACCESSIBILITY<br \/>___<\/h2>\n<p class=\" translation-block\">The Tarot Garden Foundation informs that accessibility to the museum park for visitors with severe motor disabilities is limited, due to the morphology of the museum park on which the sculptures are located.<\/p>\n<p>From this place it is possible to have an overview of the following works:<\/p>\n<p>The Force - card n. XI,<br \/>The Sun - card n. XIX,<br \/>The Papess - card n. II,<br \/>The Magician - card n. I,<br \/>The Pope - card n. V.<\/p>\n<p>On our website under \"Visit\" you can see the interactive map.<\/p>\n<p>There is an entrance and parking area designated for people with disabilities (limited places), you will just need to follow the signs for disabled parking and ring the bell at the column. The Tarot Garden staff will be delighted to welcome you.<\/p>\n<\/p>\n<p class=\" translation-block\">Starting this year, it is possible to reserve a stair lift for wheelchair visits. However, the visit remains partial due to problems caused by the slopes of the terrain, but it gives the possibility to access some high parts of the art park (previously not visitable). The visit with the stairlift must be booked in advance by emailing info@ilgiardinodeitarocchi.it For booking wheelchair lift (Sherpa N900) maximum capacity 90 kg write an email to info@ilgiardinodeitarocchi.it and show the reservation to the park staff.<\/p>\n<p class=\" translation-block\">We remind you that for disabled people with a 67% disability and an accompanying person the visit is free.<\/p>\n<p>For further information you can contact us at the following e-mail address: <a href=\"\/en\/&\/#x6d;&#97;&#x69;&#x6c;t&#x6f;&#58;i&#x6e;&#102;o&#x40;&#105;&#x6c;&#x67;i&#x61;&#114;d&#x69;&#110;o&#x64;&#101;&#x69;&#x74;&#97;&#x72;&#x6f;c&#x63;&#104;i&#x2e;&#105;t\" target=\"_blank\" rel=\"noopener\">i&#110;&#x66;&#x6f;&#64;&#105;&#108;&#x67;&#x69;a&#114;&#100;&#x69;&#x6e;o&#100;&#x65;&#x69;&#x74;a&#114;&#x6f;&#x63;c&#104;&#105;&#x2e;&#x69;t<\/a><\/p>","protected":false},"excerpt":{"rendered":"<p>ACCESSIBILIT\u00c0___ La Fondazione Giardino dei Tarocchi informa che l&#8217;accessibilit\u00e0 al parco del museo per i visitatori con gravi disabilit\u00e0 motorie \u00e8 limitata, a causa della morfologia del parco del museo su cui si trovano le sculture.Il visitatore pu\u00f2 accedere solo &hellip; <a href=\"https:\/\/ilgiardinodeitarocchi.it\/en\/accessibilita\/\">Continue reading <span class=\"meta-nav\">&rarr;<\/span><\/a><\/p>","protected":false},"author":1,"featured_media":0,"parent":0,"menu_order":0,"comment_status":"closed","ping_status":"closed","template":"","meta":{"_acf_changed":false,"footnotes":""},"acf":[],"yoast_head":"<!-- This site is optimized with the Yoast SEO plugin v22.7 - https:\/\/yoast.com\/wordpress\/plugins\/seo\/ -->\n<title>ACCESSIBILIT\u00c0 - Il Giardino Dei Tarocchi - Official Website<\/title>\n<meta name=\"robots\" content=\"index, follow, max-snippet:-1, max-image-preview:large, max-video-preview:-1\" \/>\n<link rel=\"canonical\" href=\"https:\/\/ilgiardinodeitarocchi.it\/en\/accessibilita\/\" \/>\n<meta property=\"og:locale\" content=\"en_US\" \/>\n<meta property=\"og:type\" content=\"article\" \/>\n<meta property=\"og:title\" content=\"ACCESSIBILIT\u00c0 - Il Giardino Dei Tarocchi - Official Website\" \/>\n<meta property=\"og:description\" content=\"ACCESSIBILIT\u00c0___ La Fondazione Giardino dei Tarocchi informa che l&#8217;accessibilit\u00e0 al parco del museo per i visitatori con gravi disabilit\u00e0 motorie \u00e8 limitata, a causa della morfologia del parco del museo su cui si trovano le sculture.Il visitatore pu\u00f2 accedere solo &hellip; Continue reading &rarr;\" \/>\n<meta property=\"og:url\" content=\"https:\/\/ilgiardinodeitarocchi.it\/en\/accessibilita\/\" \/>\n<meta property=\"og:site_name\" content=\"Il Giardino Dei Tarocchi - Official Website\" \/>\n<meta property=\"article:modified_time\" content=\"2025-01-30T13:14:05+00:00\" \/>\n<meta name=\"twitter:label1\" content=\"Est. reading time\" \/>\n\t<meta name=\"twitter:data1\" content=\"2 minutes\" \/>\n<script type=\"application\/ld+json\" class=\"yoast-schema-graph\">{\"@context\":\"https:\/\/schema.org\",\"@graph\":[{\"@type\":\"WebPage\",\"@id\":\"https:\/\/ilgiardinodeitarocchi.it\/accessibilita\/\",\"url\":\"https:\/\/ilgiardinodeitarocchi.it\/accessibilita\/\",\"name\":\"ACCESSIBILIT\u00c0 - Il Giardino Dei Tarocchi - Official Website\",\"isPartOf\":{\"@id\":\"https:\/\/ilgiardinodeitarocchi.it\/#website\"},\"datePublished\":\"2021-08-03T11:07:42+00:00\",\"dateModified\":\"2025-01-30T13:14:05+00:00\",\"breadcrumb\":{\"@id\":\"https:\/\/ilgiardinodeitarocchi.it\/accessibilita\/#breadcrumb\"},\"inLanguage\":\"en-US\",\"potentialAction\":[{\"@type\":\"ReadAction\",\"target\":[\"https:\/\/ilgiardinodeitarocchi.it\/accessibilita\/\"]}]},{\"@type\":\"BreadcrumbList\",\"@id\":\"https:\/\/ilgiardinodeitarocchi.it\/accessibilita\/#breadcrumb\",\"itemListElement\":[{\"@type\":\"ListItem\",\"position\":1,\"name\":\"Home\",\"item\":\"https:\/\/ilgiardinodeitarocchi.it\/\"},{\"@type\":\"ListItem\",\"position\":2,\"name\":\"ACCESSIBILIT\u00c0\"}]},{\"@type\":\"WebSite\",\"@id\":\"https:\/\/ilgiardinodeitarocchi.it\/#website\",\"url\":\"https:\/\/ilgiardinodeitarocchi.it\/\",\"name\":\"Il Giardino Dei Tarocchi - Official Website\",\"description\":\"Sito ufficiale del Giardino dei Tarocchi di Niki De Saint Phalle\",\"potentialAction\":[{\"@type\":\"SearchAction\",\"target\":{\"@type\":\"EntryPoint\",\"urlTemplate\":\"https:\/\/ilgiardinodeitarocchi.it\/?s={search_term_string}\"},\"query-input\":\"required name=search_term_string\"}],\"inLanguage\":\"en-US\"}]}<\/script>\n<!-- \/ Yoast SEO plugin. -->","yoast_head_json":{"title":"ACCESSIBILIT\u00c0 - Il Giardino Dei Tarocchi - Official Website","robots":{"index":"index","follow":"follow","max-snippet":"max-snippet:-1","max-image-preview":"max-image-preview:large","max-video-preview":"max-video-preview:-1"},"canonical":"https:\/\/ilgiardinodeitarocchi.it\/en\/accessibilita\/","og_locale":"en_US","og_type":"article","og_title":"ACCESSIBILIT\u00c0 - Il Giardino Dei Tarocchi - Official Website","og_description":"ACCESSIBILIT\u00c0___ La Fondazione Giardino dei Tarocchi informa che l&#8217;accessibilit\u00e0 al parco del museo per i visitatori con gravi disabilit\u00e0 motorie \u00e8 limitata, a causa della morfologia del parco del museo su cui si trovano le sculture.Il visitatore pu\u00f2 accedere solo &hellip; Continue reading &rarr;","og_url":"https:\/\/ilgiardinodeitarocchi.it\/en\/accessibilita\/","og_site_name":"Il Giardino Dei Tarocchi - Official Website","article_modified_time":"2025-01-30T13:14:05+00:00","twitter_misc":{"Est. reading time":"2 minutes"},"schema":{"@context":"https:\/\/schema.org","@graph":[{"@type":"WebPage","@id":"https:\/\/ilgiardinodeitarocchi.it\/accessibilita\/","url":"https:\/\/ilgiardinodeitarocchi.it\/accessibilita\/","name":"ACCESSIBILIT\u00c0 - Il Giardino Dei Tarocchi - Official Website","isPartOf":{"@id":"https:\/\/ilgiardinodeitarocchi.it\/#website"},"datePublished":"2021-08-03T11:07:42+00:00","dateModified":"2025-01-30T13:14:05+00:00","breadcrumb":{"@id":"https:\/\/ilgiardinodeitarocchi.it\/accessibilita\/#breadcrumb"},"inLanguage":"en-US","potentialAction":[{"@type":"ReadAction","target":["https:\/\/ilgiardinodeitarocchi.it\/accessibilita\/"]}]},{"@type":"BreadcrumbList","@id":"https:\/\/ilgiardinodeitarocchi.it\/accessibilita\/#breadcrumb","itemListElement":[{"@type":"ListItem","position":1,"name":"Home","item":"https:\/\/ilgiardinodeitarocchi.it\/"},{"@type":"ListItem","position":2,"name":"ACCESSIBILIT\u00c0"}]},{"@type":"WebSite","@id":"https:\/\/ilgiardinodeitarocchi.it\/#website","url":"https:\/\/ilgiardinodeitarocchi.it\/","name":"Il Giardino Dei Tarocchi - Official Website","description":"Sito ufficiale del Giardino dei Tarocchi di Niki De Saint Phalle","potentialAction":[{"@type":"SearchAction","target":{"@type":"EntryPoint","urlTemplate":"https:\/\/ilgiardinodeitarocchi.it\/?s={search_term_string}"},"query-input":"required name=search_term_string"}],"inLanguage":"en-US"}]}},"_links":{"self":[{"href":"https:\/\/ilgiardinodeitarocchi.it\/en\/wp-json\/wp\/v2\/pages\/2426"}],"collection":[{"href":"https:\/\/ilgiardinodeitarocchi.it\/en\/wp-json\/wp\/v2\/pages"}],"about":[{"href":"https:\/\/ilgiardinodeitarocchi.it\/en\/wp-json\/wp\/v2\/types\/page"}],"author":[{"embeddable":true,"href":"https:\/\/ilgiardinodeitarocchi.it\/en\/wp-json\/wp\/v2\/users\/1"}],"replies":[{"embeddable":true,"href":"https:\/\/ilgiardinodeitarocchi.it\/en\/wp-json\/wp\/v2\/comments?post=2426"}],"version-history":[{"count":50,"href":"https:\/\/ilgiardinodeitarocchi.it\/en\/wp-json\/wp\/v2\/pages\/2426\/revisions"}],"predecessor-version":[{"id":3096,"href":"https:\/\/ilgiardinodeitarocchi.it\/en\/wp-json\/wp\/v2\/pages\/2426\/revisions\/3096"}],"wp:attachment":[{"href":"https:\/\/ilgiardinodeitarocchi.it\/en\/wp-json\/wp\/v2\/media?parent=2426"}],"curies":[{"name":"wp","href":"https:\/\/api.w.org\/{rel}","templated":true}]}}