{"id":1735,"date":"2015-01-27T18:41:32","date_gmt":"2015-01-27T17:41:32","guid":{"rendered":"https:\/\/ilgiardinodeitarocchi.smart-soluce.com\/?page_id=1735"},"modified":"2025-01-29T15:50:08","modified_gmt":"2025-01-29T14:50:08","slug":"visit","status":"publish","type":"page","link":"https:\/\/ilgiardinodeitarocchi.it\/fr\/visit\/","title":{"rendered":"Visite"},"content":{"rendered":"<h1 class=\"wp-block-heading\">Info<br \/>___<\/h1>\n<p><span style=\"text-decoration: underline;\"><strong>Seul l'achat de billets en ligne garantit l'entr\u00e9e au Jardin des Tarots.   Achat <a href=\"https:\/\/www.ticketlandia.com\/m\/il-giardino-dei-tarocchi\" target=\"_blank\" rel=\"noopener\">BILLET EN LIGNE<\/a><\/strong> <\/span><\/p>\n<p>Afin d'assurer une bonne conservation des \u0153uvres d'art, le nombre maximum de visiteurs quotidiens est limit\u00e9. Nous recommandons fortement d'acheter des billets en ligne, \u00e9galement pour les groupes, les \u00e9coles et les billets gratuits.<\/p>\n<p><strong>Date et heure d'ouverture :<\/strong><br \/>\u2013 du 1er avril au 15 octobre, tous les jours<br \/>\u2013 de 14h30 \u00e0 19h30, derni\u00e8re entr\u00e9e \u00e0 18h15<\/p>\n<p>\u2013 les billets sont valables uniquement \u00e0 la date et au cr\u00e9neau horaire choisis, l\u2019acc\u00e8s au Jardin \u00e0 des heures et dates diff\u00e9rentes pourra \u00eatre refus\u00e9,<br \/>\u2013 les billets ne peuvent \u00eatre ni modifi\u00e9s ni rembours\u00e9s, ceci s'applique \u00e9galement pour des raisons de Covid ou d'intemp\u00e9ries,<br \/>\u2013 le Jardin reste ouvert les jours de pluie et les jours f\u00e9ri\u00e9s,<br \/>\u2013 nous ne proposons pas de visites priv\u00e9es ni de visites guid\u00e9es,<br \/>\u2013 les chiens sont admis \u00e0 condition qu'ils soient tenus en laisse,<br \/>\u2013 le parking du Jardin est gratuit et sans surveillance pour les visiteurs,<br \/>\u2013 dur\u00e9e moyenne de la visite 1h30.<\/p>\n<\/p>\n<p><strong>PRIX<\/strong><\/p>\n<p>\u2028<strong>Billet plein tarif \u20ac. 15,00<\/strong><\/p>\n<p>\u2028\u2028<strong>Billet reduit \u20ac. 10,00<\/strong><br \/>- de 7 \u00e0 22 ans, plus de 65 ans<br \/>\u2013 residents de Capalbio <br \/>\u2013 groupes minimum 25 personnes (\u20ac 10,00 la personne)\u2028 <br \/>\u2013 guide touristique avec carte guide-conf\u00e9rencier valide<\/p>\n<p><strong>Gruppi scolastici \u20ac. 8,00 ad alunno\u2028 <\/strong><br \/>&#8211; scuole primarie, gruppi di almeno 10 alunni\u2028 <br \/>&#8211; scuole secondarie di primo grado, gruppi di almeno 10 alunni\u2028\u2028<\/p>\n<p><strong><strong>Entr\u00e9e gratuite<\/strong> <\/strong><br \/><br>- de 0 \u00e0 6 ans <br \/>- visiteurs handicap\u00e9s min 67% <br \/>- accompagnateur  personne handicap\u00e9 (avec attestation)<br \/>-1 superviseur pour 10 \u00e9tudiants<\/p>\n<p>Les justificatifs donnant droit \u00e0 la r\u00e9duction et \u00e0 la gratuit\u00e9 doivent \u00eatre pr\u00e9sent\u00e9s au contr\u00f4le d'acc\u00e8s ; en l'absence de ces titres, le suppl\u00e9ment doit \u00eatre pay\u00e9 \u00e0 la billetterie.<\/p>\n<p><a class=\"button wide\" target=\"_blank\" href=\"https:\/\/ilgiardinodeitarocchi.it\/wp-content\/uploads\/2022\/03\/BROCHURE-il-giardino-dei-tarocchi-english1.pdf\">Voir la brochure<\/a><\/p>","protected":false},"excerpt":{"rendered":"<p>INFO___ Solo l\u2019acquisto online dei biglietti garantisce l&#8217;ingresso al Giardino dei Tarocchi.&nbsp;Acquisto TICKET ON LINE Per garantire una buona conservazione delle opere d\u2019arte, il numero massimo giornaliero di visitatori \u00e8 limitato. Si consiglia vivamente l\u2019acquisto dei biglietti online, anche per &hellip; <a href=\"https:\/\/ilgiardinodeitarocchi.it\/fr\/visit\/\">Continue reading <span class=\"meta-nav\">&rarr;<\/span><\/a><\/p>","protected":false},"author":1,"featured_media":0,"parent":0,"menu_order":0,"comment_status":"open","ping_status":"open","template":"","meta":{"_acf_changed":false,"footnotes":""},"acf":[],"yoast_head":"<!-- This site is optimized with the Yoast SEO plugin v22.7 - https:\/\/yoast.com\/wordpress\/plugins\/seo\/ -->\n<title>Visit - The Tarot Gardon Official Website<\/title>\n<meta name=\"robots\" content=\"index, follow, max-snippet:-1, max-image-preview:large, max-video-preview:-1\" \/>\n<link rel=\"canonical\" href=\"https:\/\/ilgiardinodeitarocchi.it\/fr\/visit\/\" \/>\n<meta property=\"og:locale\" content=\"fr_FR\" \/>\n<meta property=\"og:type\" content=\"article\" \/>\n<meta property=\"og:title\" content=\"Visit - The Tarot Gardon Official Website\" \/>\n<meta property=\"og:description\" content=\"INFO___ Solo l\u2019acquisto online dei biglietti garantisce l&#8217;ingresso al Giardino dei Tarocchi.&nbsp;Acquisto TICKET ON LINE Per garantire una buona conservazione delle opere d\u2019arte, il numero massimo giornaliero di visitatori \u00e8 limitato. Si consiglia vivamente l\u2019acquisto dei biglietti online, anche per &hellip; Continue reading &rarr;\" \/>\n<meta property=\"og:url\" content=\"https:\/\/ilgiardinodeitarocchi.it\/fr\/visit\/\" \/>\n<meta property=\"og:site_name\" content=\"Il Giardino Dei Tarocchi - Official Website\" \/>\n<meta property=\"article:modified_time\" content=\"2025-01-29T14:50:08+00:00\" \/>\n<meta name=\"twitter:label1\" content=\"Dur\u00e9e de lecture estim\u00e9e\" \/>\n\t<meta name=\"twitter:data1\" content=\"2 minutes\" \/>\n<script type=\"application\/ld+json\" class=\"yoast-schema-graph\">{\"@context\":\"https:\/\/schema.org\",\"@graph\":[{\"@type\":\"WebPage\",\"@id\":\"https:\/\/ilgiardinodeitarocchi.it\/visit\/\",\"url\":\"https:\/\/ilgiardinodeitarocchi.it\/visit\/\",\"name\":\"Visit - The Tarot Gardon Official Website\",\"isPartOf\":{\"@id\":\"https:\/\/ilgiardinodeitarocchi.it\/#website\"},\"datePublished\":\"2015-01-27T17:41:32+00:00\",\"dateModified\":\"2025-01-29T14:50:08+00:00\",\"breadcrumb\":{\"@id\":\"https:\/\/ilgiardinodeitarocchi.it\/visit\/#breadcrumb\"},\"inLanguage\":\"fr-FR\",\"potentialAction\":[{\"@type\":\"ReadAction\",\"target\":[\"https:\/\/ilgiardinodeitarocchi.it\/visit\/\"]}]},{\"@type\":\"BreadcrumbList\",\"@id\":\"https:\/\/ilgiardinodeitarocchi.it\/visit\/#breadcrumb\",\"itemListElement\":[{\"@type\":\"ListItem\",\"position\":1,\"name\":\"Home\",\"item\":\"https:\/\/ilgiardinodeitarocchi.it\/\"},{\"@type\":\"ListItem\",\"position\":2,\"name\":\"Visita\"}]},{\"@type\":\"WebSite\",\"@id\":\"https:\/\/ilgiardinodeitarocchi.it\/#website\",\"url\":\"https:\/\/ilgiardinodeitarocchi.it\/\",\"name\":\"Il Giardino Dei Tarocchi - Official Website\",\"description\":\"Sito ufficiale del Giardino dei Tarocchi di Niki De Saint Phalle\",\"potentialAction\":[{\"@type\":\"SearchAction\",\"target\":{\"@type\":\"EntryPoint\",\"urlTemplate\":\"https:\/\/ilgiardinodeitarocchi.it\/?s={search_term_string}\"},\"query-input\":\"required name=search_term_string\"}],\"inLanguage\":\"fr-FR\"}]}<\/script>\n<!-- \/ Yoast SEO plugin. -->","yoast_head_json":{"title":"Visit - The Tarot Gardon Official Website","robots":{"index":"index","follow":"follow","max-snippet":"max-snippet:-1","max-image-preview":"max-image-preview:large","max-video-preview":"max-video-preview:-1"},"canonical":"https:\/\/ilgiardinodeitarocchi.it\/fr\/visit\/","og_locale":"fr_FR","og_type":"article","og_title":"Visit - The Tarot Gardon Official Website","og_description":"INFO___ Solo l\u2019acquisto online dei biglietti garantisce l&#8217;ingresso al Giardino dei Tarocchi.&nbsp;Acquisto TICKET ON LINE Per garantire una buona conservazione delle opere d\u2019arte, il numero massimo giornaliero di visitatori \u00e8 limitato. Si consiglia vivamente l\u2019acquisto dei biglietti online, anche per &hellip; Continue reading &rarr;","og_url":"https:\/\/ilgiardinodeitarocchi.it\/fr\/visit\/","og_site_name":"Il Giardino Dei Tarocchi - Official Website","article_modified_time":"2025-01-29T14:50:08+00:00","twitter_misc":{"Dur\u00e9e de lecture estim\u00e9e":"2 minutes"},"schema":{"@context":"https:\/\/schema.org","@graph":[{"@type":"WebPage","@id":"https:\/\/ilgiardinodeitarocchi.it\/visit\/","url":"https:\/\/ilgiardinodeitarocchi.it\/visit\/","name":"Visit - The Tarot Gardon Official Website","isPartOf":{"@id":"https:\/\/ilgiardinodeitarocchi.it\/#website"},"datePublished":"2015-01-27T17:41:32+00:00","dateModified":"2025-01-29T14:50:08+00:00","breadcrumb":{"@id":"https:\/\/ilgiardinodeitarocchi.it\/visit\/#breadcrumb"},"inLanguage":"fr-FR","potentialAction":[{"@type":"ReadAction","target":["https:\/\/ilgiardinodeitarocchi.it\/visit\/"]}]},{"@type":"BreadcrumbList","@id":"https:\/\/ilgiardinodeitarocchi.it\/visit\/#breadcrumb","itemListElement":[{"@type":"ListItem","position":1,"name":"Home","item":"https:\/\/ilgiardinodeitarocchi.it\/"},{"@type":"ListItem","position":2,"name":"Visita"}]},{"@type":"WebSite","@id":"https:\/\/ilgiardinodeitarocchi.it\/#website","url":"https:\/\/ilgiardinodeitarocchi.it\/","name":"Il Giardino Dei Tarocchi - Official Website","description":"Sito ufficiale del Giardino dei Tarocchi di Niki De Saint Phalle","potentialAction":[{"@type":"SearchAction","target":{"@type":"EntryPoint","urlTemplate":"https:\/\/ilgiardinodeitarocchi.it\/?s={search_term_string}"},"query-input":"required name=search_term_string"}],"inLanguage":"fr-FR"}]}},"_links":{"self":[{"href":"https:\/\/ilgiardinodeitarocchi.it\/fr\/wp-json\/wp\/v2\/pages\/1735"}],"collection":[{"href":"https:\/\/ilgiardinodeitarocchi.it\/fr\/wp-json\/wp\/v2\/pages"}],"about":[{"href":"https:\/\/ilgiardinodeitarocchi.it\/fr\/wp-json\/wp\/v2\/types\/page"}],"author":[{"embeddable":true,"href":"https:\/\/ilgiardinodeitarocchi.it\/fr\/wp-json\/wp\/v2\/users\/1"}],"replies":[{"embeddable":true,"href":"https:\/\/ilgiardinodeitarocchi.it\/fr\/wp-json\/wp\/v2\/comments?post=1735"}],"version-history":[{"count":231,"href":"https:\/\/ilgiardinodeitarocchi.it\/fr\/wp-json\/wp\/v2\/pages\/1735\/revisions"}],"predecessor-version":[{"id":3089,"href":"https:\/\/ilgiardinodeitarocchi.it\/fr\/wp-json\/wp\/v2\/pages\/1735\/revisions\/3089"}],"wp:attachment":[{"href":"https:\/\/ilgiardinodeitarocchi.it\/fr\/wp-json\/wp\/v2\/media?parent=1735"}],"curies":[{"name":"wp","href":"https:\/\/api.w.org\/{rel}","templated":true}]}}