{"id":1766,"date":"2015-01-27T22:01:32","date_gmt":"2015-01-27T21:01:32","guid":{"rendered":"https:\/\/ilgiardinodeitarocchi.smart-soluce.com\/?page_id=1766"},"modified":"2024-05-28T02:22:04","modified_gmt":"2024-05-28T00:22:04","slug":"materials-crew","status":"publish","type":"page","link":"https:\/\/ilgiardinodeitarocchi.it\/fr\/about\/materials-crew\/","title":{"rendered":"Selon les mots de Niki"},"content":{"rendered":"<p>L'agrandissement de mes mod\u00e8les a \u00e9t\u00e9 parfaitement r\u00e9alis\u00e9, avec un \u0153il m\u00e9di\u00e9val, par Jean Tinguely et Doc Winsen. Toutes les armatures des sculptures monumentales ont \u00e9t\u00e9 r\u00e9alis\u00e9es avec des barres d'acier soud\u00e9es, pli\u00e9es \u00e0 force les bras sur les genoux par les hommes de l'\u00e9quipe. La premi\u00e8re \u00e9quipe \u00e0 r\u00e9aliser l'armure du jardin \u00e9tait compos\u00e9e de Jean Tinguely, Rico Weber et Seppi Imhof. Ce sont eux qui ont construit le Sphinx, la Pr\u00eatresse et le Magicien.<\/p>\n<p>L'\u00c9v\u00eaque a \u00e9t\u00e9 commenc\u00e9 par Doc Winsen et termin\u00e9 par Jean Tinguely. De toutes les sculptures du jardin, c'\u00e9tait la pr\u00e9f\u00e9r\u00e9e de Jean. Dans la seconde moiti\u00e9 du Jardin du Tarot, l'armure du Ch\u00e2teau de l'Empereur, le Soleil, le Dragon (La Force) et l'Arbre de Vie (Le Pendu) ont \u00e9t\u00e9 r\u00e9alis\u00e9s par Doc Winsen, un artiste n\u00e9erlandais. Doc \u00e9tait assist\u00e9 de Tonino Urtis.<\/p>\n<p>Puis vint Ugo, le facteur, qui commen\u00e7a par construire des rues en pierre, puis remonta et pla\u00e7a des treillis m\u00e9talliques sur les structures en acier destin\u00e9es \u00e0 soutenir le b\u00e9ton. Plus tard, Ugo m'a demand\u00e9 de le tester dans la disposition des morceaux de miroir sur les sculptures. Il est devenu un v\u00e9ritable po\u00e8te dans cet art. Il avait toujours peur qu\u2019un jour il n\u2019y ait plus de travail pour lui. J'ai fait la promesse solennelle qu'il y aurait toujours quelque chose de nouveau \u00e0 faire chaque ann\u00e9e, et si je manquais d'id\u00e9es, je ferais construire un tel mur de Chine autour du jardin qu'il faudrait plusieurs g\u00e9n\u00e9rations pour le terminer.<\/p>\n<p>D\u00e8s que les armatures en acier \u00e9taient termin\u00e9es et que le treillis m\u00e9tallique \u00e9tait tendu dessus, le b\u00e9ton coul\u00e9 par une pompe \u00e9tait r\u00e9pandu dessus. La sculpture prend alors un aspect m\u00e9lancolique et d\u2019une certaine beaut\u00e9 triste. Mon objectif, en r\u00e9alit\u00e9, \u00e9tait de cr\u00e9er un jardin joyeux. La finition du b\u00e9ton a ensuite \u00e9t\u00e9 r\u00e9alis\u00e9e \u00e0 la main par Marco Iacotonio, un jeune homme particuli\u00e8rement beau et difficile.<\/p>\n<p>Au d\u00e9but, j'ai choisi Tonino Urtis comme contrema\u00eetre, m\u00eame s'il n'avait pas beaucoup d'exp\u00e9rience, il avait auparavant \u00e9t\u00e9 \u00e9lectricien. Dans mes choix, j'ai toujours utilis\u00e9 mon instinct plus que ma raison, et tr\u00e8s souvent mes choix se sont av\u00e9r\u00e9s bons. Plus tard, j'ai demand\u00e9 \u00e0 Riccardo Menon, mon assistant personnel, collaborateur et ami venu avec moi de Paris, de me trouver un c\u00e9ramiste. Quelques jours plus tard, Riccardo m'a pr\u00e9sent\u00e9 \u00e0 Venera Finocchiaro. Venera deviendra plus tard la poti\u00e8re du jardin. C'\u00e9tait un d\u00e9vouement total. Elle vivait dans le jardin et \u00e9tait r\u00e9ceptive \u00e0 mes exhortations \u00e0 faire des choses que personne n'avait jamais faites auparavant. Le magnifique travail qu\u2019elle a cr\u00e9\u00e9 parle de lui-m\u00eame. Elle avait plusieurs assistantes, notamment Paola, Patrizia et Gemma.<\/p>\n<p>Parfois, toute l'\u00e9quipe aidait aux fourneaux. Apr\u00e8s le d\u00e9part de Venera, l'\u00e9quipe a continu\u00e9 \u00e0 fabriquer des c\u00e9ramiques.<\/p>\n<p>Le vingti\u00e8me si\u00e8cle \u00e9tait oubli\u00e9. Nous travaillions comme les \u00c9gyptiens. Les c\u00e9ramiques \u00e9taient fa\u00e7onn\u00e9es, tr\u00e8s souvent directement sur les sculptures, num\u00e9rot\u00e9es, enlev\u00e9es, port\u00e9es au four, cuites et \u00e9maill\u00e9es, puis remises \u00e0 leur place sur les sculptures. Lors de la cuisson, la c\u00e9ramique r\u00e9tr\u00e9cit de 10%, l'espace ainsi laiss\u00e9 entre une c\u00e9ramique et une autre \u00e9tait rempli de morceaux de miroirs taill\u00e9s \u00e0 la main. Cela a \u00e9t\u00e9 fait par plusieurs personnes, mais surtout par Marco Iacotonio, Tonino Urtis et Claudio Celletti.<\/p>\n<p>Les plus petites sculptures du jardin ont \u00e9t\u00e9 r\u00e9alis\u00e9es \u00e0 Paris. Mon assistant Marcello Zitelli et moi avons r\u00e9alis\u00e9 les mod\u00e8les en terre cuite qui ont \u00e9t\u00e9 reproduits en polyester par Robert Haligon et ses fils Gerard et Oliver. Les sculptures en polyester ont ensuite \u00e9t\u00e9 recouvertes d'une mosa\u00efque de carreaux de verre de Murano, de Tch\u00e9coslovaquie et de France, r\u00e9alis\u00e9e par Pierre Marie Lejeune et son \u00e9pouse Isabelle.<\/p>\n<p>C'est ainsi que furent cr\u00e9\u00e9s la Temp\u00e9rance, Adam et \u00c8ve (Le Choix), le Monde, l'Ermite, l'Oracle, la Mort, le Diable et le Pendu. <\/p>\n<p>Pierre Marie Lejeune, qui a peint avec moi la Fontaine Stravinsky, est venu au Jardin des Tarots et en est tomb\u00e9 amoureux. Il y revient ann\u00e9e apr\u00e8s ann\u00e9e. Sa sp\u00e9cialit\u00e9 est devenue la d\u00e9coupe de miroirs en mettant l'accent sur le travail innovant.<\/p>\n<p>Le travail administratif et la r\u00e9solution des diff\u00e9rents probl\u00e8mes du jardin ont \u00e9t\u00e9 g\u00e9r\u00e9s par Gigi Pecoraro et Paula Aureli. Mais la divinit\u00e9 tut\u00e9laire du jardin \u00e9tait Jean Gabriel Mitterrand, qui venait chaque fois qu'il y avait un probl\u00e8me qu'il pouvait nous aider \u00e0 r\u00e9soudre. Ces derni\u00e8res ann\u00e9es, Tonino Urtis, Ugo Celletti, Marco Iacotonio et Claudio Celletti sont rest\u00e9s.<\/p>\n<p>Nous partageons tous un immense enthousiasme pour le jardin et sommes devenus comme une famille. R\u00e9cemment, Gian Piero Ottavi nous a rejoint pour s'occuper de la terre du jardin. J'ai d\u00e9cid\u00e9 de respecter l'habitat naturel de la r\u00e9gion. Le dialogue entre la nature et les sculptures est un \u00e9l\u00e9ment tr\u00e8s important du jardin.<\/p>\n<p>Les artistes qui ont particip\u00e9 avec leur travail sp\u00e9cifique dans le jardin sont Alan Davie, qui a peint l'espace magique du Sorcier. Pierre Marie Lejeune a r\u00e9alis\u00e9 quelques bancs en c\u00e9ramique int\u00e9gr\u00e9s au jardin, ce sont des objets tr\u00e8s appr\u00e9ci\u00e9s o\u00f9 l'on aime s'asseoir et admirer les fontaines. Certaines chaises du Sphinx ont \u00e9galement \u00e9t\u00e9 fabriqu\u00e9es par lui et il a d\u00e9cor\u00e9 la boutique. Marina Barella a r\u00e9alis\u00e9 la sculpture trouv\u00e9e \u00e0 l'int\u00e9rieur de la Pr\u00eatresse. Jean Tinguely a r\u00e9alis\u00e9 une machine repr\u00e9sentant la foudre frappant la Tour de Babel, La Roue de la Fortune devant la fontaine, une sculpture intitul\u00e9e L'Injustice emprisonn\u00e9e \u00e0 l'int\u00e9rieur de la Justice et Le Monde en collaboration avec moi. Jackie Matisse fabriquait des r\u00e9cipients en verre alchimiques pour les eaux sacr\u00e9es.<\/p>","protected":false},"excerpt":{"rendered":"<p>L\u2019ingrandimento dei miei modelli fu fatto perfettamente, con occhio medievale, da Jean Tinguely e Doc Winsen. Tutte le armature delle sculture monumentali furono fatte con barre d\u2019acciaio saldate, piegate a forza di braccia sulle ginocchia dagli uomini della squadra. La &hellip; <a href=\"https:\/\/ilgiardinodeitarocchi.it\/fr\/about\/materials-crew\/\">Continue reading <span class=\"meta-nav\">&rarr;<\/span><\/a><\/p>","protected":false},"author":1,"featured_media":0,"parent":6,"menu_order":1,"comment_status":"open","ping_status":"open","template":"","meta":{"_acf_changed":false,"footnotes":""},"acf":[],"yoast_head":"<!-- This site is optimized with the Yoast SEO plugin v22.7 - https:\/\/yoast.com\/wordpress\/plugins\/seo\/ -->\n<title>Con le parole di Niki - Il Giardino Dei Tarocchi - Official Website<\/title>\n<meta name=\"robots\" content=\"index, follow, max-snippet:-1, max-image-preview:large, max-video-preview:-1\" \/>\n<link rel=\"canonical\" href=\"https:\/\/ilgiardinodeitarocchi.it\/fr\/about\/materials-crew\/\" \/>\n<meta property=\"og:locale\" content=\"fr_FR\" \/>\n<meta property=\"og:type\" content=\"article\" \/>\n<meta property=\"og:title\" content=\"Con le parole di Niki - Il Giardino Dei Tarocchi - Official Website\" \/>\n<meta property=\"og:description\" content=\"L\u2019ingrandimento dei miei modelli fu fatto perfettamente, con occhio medievale, da Jean Tinguely e Doc Winsen. Tutte le armature delle sculture monumentali furono fatte con barre d\u2019acciaio saldate, piegate a forza di braccia sulle ginocchia dagli uomini della squadra. La &hellip; Continue reading &rarr;\" \/>\n<meta property=\"og:url\" content=\"https:\/\/ilgiardinodeitarocchi.it\/fr\/about\/materials-crew\/\" \/>\n<meta property=\"og:site_name\" content=\"Il Giardino Dei Tarocchi - Official Website\" \/>\n<meta property=\"article:modified_time\" content=\"2024-05-28T00:22:04+00:00\" \/>\n<meta name=\"twitter:label1\" content=\"Dur\u00e9e de lecture estim\u00e9e\" \/>\n\t<meta name=\"twitter:data1\" content=\"4 minutes\" \/>\n<script type=\"application\/ld+json\" class=\"yoast-schema-graph\">{\"@context\":\"https:\/\/schema.org\",\"@graph\":[{\"@type\":\"WebPage\",\"@id\":\"https:\/\/ilgiardinodeitarocchi.it\/about\/materials-crew\/\",\"url\":\"https:\/\/ilgiardinodeitarocchi.it\/about\/materials-crew\/\",\"name\":\"Con le parole di Niki - Il Giardino Dei Tarocchi - Official Website\",\"isPartOf\":{\"@id\":\"https:\/\/ilgiardinodeitarocchi.it\/#website\"},\"datePublished\":\"2015-01-27T21:01:32+00:00\",\"dateModified\":\"2024-05-28T00:22:04+00:00\",\"breadcrumb\":{\"@id\":\"https:\/\/ilgiardinodeitarocchi.it\/about\/materials-crew\/#breadcrumb\"},\"inLanguage\":\"fr-FR\",\"potentialAction\":[{\"@type\":\"ReadAction\",\"target\":[\"https:\/\/ilgiardinodeitarocchi.it\/about\/materials-crew\/\"]}]},{\"@type\":\"BreadcrumbList\",\"@id\":\"https:\/\/ilgiardinodeitarocchi.it\/about\/materials-crew\/#breadcrumb\",\"itemListElement\":[{\"@type\":\"ListItem\",\"position\":1,\"name\":\"Home\",\"item\":\"https:\/\/ilgiardinodeitarocchi.it\/\"},{\"@type\":\"ListItem\",\"position\":2,\"name\":\"Informazioni\",\"item\":\"https:\/\/ilgiardinodeitarocchi.it\/about\/\"},{\"@type\":\"ListItem\",\"position\":3,\"name\":\"Con le parole di Niki\"}]},{\"@type\":\"WebSite\",\"@id\":\"https:\/\/ilgiardinodeitarocchi.it\/#website\",\"url\":\"https:\/\/ilgiardinodeitarocchi.it\/\",\"name\":\"Il Giardino Dei Tarocchi - Official Website\",\"description\":\"Sito ufficiale del Giardino dei Tarocchi di Niki De Saint Phalle\",\"potentialAction\":[{\"@type\":\"SearchAction\",\"target\":{\"@type\":\"EntryPoint\",\"urlTemplate\":\"https:\/\/ilgiardinodeitarocchi.it\/?s={search_term_string}\"},\"query-input\":\"required name=search_term_string\"}],\"inLanguage\":\"fr-FR\"}]}<\/script>\n<!-- \/ Yoast SEO plugin. -->","yoast_head_json":{"title":"Con le parole di Niki - Il Giardino Dei Tarocchi - Official Website","robots":{"index":"index","follow":"follow","max-snippet":"max-snippet:-1","max-image-preview":"max-image-preview:large","max-video-preview":"max-video-preview:-1"},"canonical":"https:\/\/ilgiardinodeitarocchi.it\/fr\/about\/materials-crew\/","og_locale":"fr_FR","og_type":"article","og_title":"Con le parole di Niki - Il Giardino Dei Tarocchi - Official Website","og_description":"L\u2019ingrandimento dei miei modelli fu fatto perfettamente, con occhio medievale, da Jean Tinguely e Doc Winsen. Tutte le armature delle sculture monumentali furono fatte con barre d\u2019acciaio saldate, piegate a forza di braccia sulle ginocchia dagli uomini della squadra. La &hellip; Continue reading &rarr;","og_url":"https:\/\/ilgiardinodeitarocchi.it\/fr\/about\/materials-crew\/","og_site_name":"Il Giardino Dei Tarocchi - Official Website","article_modified_time":"2024-05-28T00:22:04+00:00","twitter_misc":{"Dur\u00e9e de lecture estim\u00e9e":"4 minutes"},"schema":{"@context":"https:\/\/schema.org","@graph":[{"@type":"WebPage","@id":"https:\/\/ilgiardinodeitarocchi.it\/about\/materials-crew\/","url":"https:\/\/ilgiardinodeitarocchi.it\/about\/materials-crew\/","name":"Con le parole di Niki - Il Giardino Dei Tarocchi - Official Website","isPartOf":{"@id":"https:\/\/ilgiardinodeitarocchi.it\/#website"},"datePublished":"2015-01-27T21:01:32+00:00","dateModified":"2024-05-28T00:22:04+00:00","breadcrumb":{"@id":"https:\/\/ilgiardinodeitarocchi.it\/about\/materials-crew\/#breadcrumb"},"inLanguage":"fr-FR","potentialAction":[{"@type":"ReadAction","target":["https:\/\/ilgiardinodeitarocchi.it\/about\/materials-crew\/"]}]},{"@type":"BreadcrumbList","@id":"https:\/\/ilgiardinodeitarocchi.it\/about\/materials-crew\/#breadcrumb","itemListElement":[{"@type":"ListItem","position":1,"name":"Home","item":"https:\/\/ilgiardinodeitarocchi.it\/"},{"@type":"ListItem","position":2,"name":"Informazioni","item":"https:\/\/ilgiardinodeitarocchi.it\/about\/"},{"@type":"ListItem","position":3,"name":"Con le parole di Niki"}]},{"@type":"WebSite","@id":"https:\/\/ilgiardinodeitarocchi.it\/#website","url":"https:\/\/ilgiardinodeitarocchi.it\/","name":"Il Giardino Dei Tarocchi - Official Website","description":"Sito ufficiale del Giardino dei Tarocchi di Niki De Saint Phalle","potentialAction":[{"@type":"SearchAction","target":{"@type":"EntryPoint","urlTemplate":"https:\/\/ilgiardinodeitarocchi.it\/?s={search_term_string}"},"query-input":"required name=search_term_string"}],"inLanguage":"fr-FR"}]}},"_links":{"self":[{"href":"https:\/\/ilgiardinodeitarocchi.it\/fr\/wp-json\/wp\/v2\/pages\/1766"}],"collection":[{"href":"https:\/\/ilgiardinodeitarocchi.it\/fr\/wp-json\/wp\/v2\/pages"}],"about":[{"href":"https:\/\/ilgiardinodeitarocchi.it\/fr\/wp-json\/wp\/v2\/types\/page"}],"author":[{"embeddable":true,"href":"https:\/\/ilgiardinodeitarocchi.it\/fr\/wp-json\/wp\/v2\/users\/1"}],"replies":[{"embeddable":true,"href":"https:\/\/ilgiardinodeitarocchi.it\/fr\/wp-json\/wp\/v2\/comments?post=1766"}],"version-history":[{"count":9,"href":"https:\/\/ilgiardinodeitarocchi.it\/fr\/wp-json\/wp\/v2\/pages\/1766\/revisions"}],"predecessor-version":[{"id":3025,"href":"https:\/\/ilgiardinodeitarocchi.it\/fr\/wp-json\/wp\/v2\/pages\/1766\/revisions\/3025"}],"up":[{"embeddable":true,"href":"https:\/\/ilgiardinodeitarocchi.it\/fr\/wp-json\/wp\/v2\/pages\/6"}],"wp:attachment":[{"href":"https:\/\/ilgiardinodeitarocchi.it\/fr\/wp-json\/wp\/v2\/media?parent=1766"}],"curies":[{"name":"wp","href":"https:\/\/api.w.org\/{rel}","templated":true}]}}