{"id":2426,"date":"2021-08-03T13:07:42","date_gmt":"2021-08-03T11:07:42","guid":{"rendered":"https:\/\/ilgiardinodeitarocchi.smart-soluce.com\/?page_id=2426"},"modified":"2025-01-30T14:14:05","modified_gmt":"2025-01-30T13:14:05","slug":"accessibilita","status":"publish","type":"page","link":"https:\/\/ilgiardinodeitarocchi.it\/fr\/accessibilita\/","title":{"rendered":"ACCESSIBILIT\u00c9"},"content":{"rendered":"<h2 class=\"wp-block-heading\">ACCESSIBILIT\u00c9<br \/>___<\/h2>\n<p class=\" translation-block\">La Fondation des Jardins des Tarots informe que l'accessibilit\u00e9 au parc du mus\u00e9e, pour les visiteurs souffrant d'handicaps moteurs, est limit\u00e9e et ce en raison de la morphologie du parc du mus\u00e9e sur lequel les sculptures sont situ\u00e9es.<\/p>\n<p>Depuis la fontaine centrale, il est possible d'avoir une vue d'ensemble des \u0153uvres suivantes :<\/p>\n<p>La Force - carte .XI,<br \/>Le Soleil - carte n. XIX,<br \/>La Papesse - carte n. II,<br \/>Le Magicien - carte n. I,<br \/>Le Pape - Carte n. V.<\/p>\n<p>Sur notre site web, sous la rubrique \"Visite\", vous pouvez consulter la carte interactive.<\/p>\n<p>Il existe une entr\u00e9e et un parking pour les personnes handicap\u00e9es (places limit\u00e9es). Il suffit de suivre les panneaux indiquant le parking pour personnes handicap\u00e9es et de sonner \u00e0 la borne. Le personnel du jardin sera heureux de vous accueillir.<\/p>\n<\/p>\n<p class=\" translation-block\">Depuis cette ann\u00e9e, il est possible de r\u00e9server un monte-escalier pour les visites en fauteuil roulant. La visite est encore partielle en raison des probl\u00e8mes li\u00e9s \u00e0 la pente du terrain, mais elle permet d'acc\u00e9der \u00e0 certaines parties hautes du parc d'art (qui ne pouvaient pas \u00eatre visit\u00e9es auparavant). La visite avec le monte-escalier doit \u00eatre r\u00e9serv\u00e9e \u00e0 l'avance en envoyant un courriel \u00e0 info@ilgiardinodeitarocchi.it. Pour r\u00e9server un monte-escalier pour fauteuils roulants (Sherpa N900) d'une capacit\u00e9 maximale de 90 kg, \u00e9crivez un courriel \u00e0 info@ilgiardinodeitarocchi.it et montrez la r\u00e9servation au personnel du parc.<\/p>\n<p class=\" translation-block\">Nous regrettons de ne pouvoir vous accueillir dans de meilleures conditions.\nNous vous rappelons que la visite est gratuite pour les personnes handicap\u00e9es dont le taux d'invalidit\u00e9 est \u00e9gal ou sup\u00e9rieur \u00e0 67 % et leur accompagnateur (muni d'un certificat).<\/p>\n<p>Pour de plus amples informations, veuillez nous contacter \u00e0 l'adresse \u00e9lectronique suivante : <a href=\"\/fr\/mail&\/#116;&#111;&#58;&#105;&#110;&#102;&#111;&#x40;&#x69;&#x6c;&#x67;&#x69;&#x61;&#x72;&#x64;&#x69;node&#105;&#116;&#97;&#114;&#111;&#99;&#99;&#x68;&#x69;&#x2e;&#x69;&#x74;\" target=\"_blank\" rel=\"noopener\">i&#110;&#x66;&#x6f;&#64;&#105;&#x6c;&#x67;i&#97;&#x72;&#x64;i&#110;&#x6f;&#x64;e&#105;&#x74;&#x61;r&#111;&#99;&#x63;&#x68;i&#46;&#x69;&#x74;<\/a><\/p>","protected":false},"excerpt":{"rendered":"<p>ACCESSIBILIT\u00c0___ La Fondazione Giardino dei Tarocchi informa che l&#8217;accessibilit\u00e0 al parco del museo per i visitatori con gravi disabilit\u00e0 motorie \u00e8 limitata, a causa della morfologia del parco del museo su cui si trovano le sculture.Il visitatore pu\u00f2 accedere solo &hellip; <a href=\"https:\/\/ilgiardinodeitarocchi.it\/fr\/accessibilita\/\">Continue reading <span class=\"meta-nav\">&rarr;<\/span><\/a><\/p>","protected":false},"author":1,"featured_media":0,"parent":0,"menu_order":0,"comment_status":"closed","ping_status":"closed","template":"","meta":{"_acf_changed":false,"footnotes":""},"acf":[],"yoast_head":"<!-- This site is optimized with the Yoast SEO plugin v22.7 - https:\/\/yoast.com\/wordpress\/plugins\/seo\/ -->\n<title>ACCESSIBILIT\u00c0 - Il Giardino Dei Tarocchi - Official Website<\/title>\n<meta name=\"robots\" content=\"index, follow, max-snippet:-1, max-image-preview:large, max-video-preview:-1\" \/>\n<link rel=\"canonical\" href=\"https:\/\/ilgiardinodeitarocchi.it\/fr\/accessibilita\/\" \/>\n<meta property=\"og:locale\" content=\"fr_FR\" \/>\n<meta property=\"og:type\" content=\"article\" \/>\n<meta property=\"og:title\" content=\"ACCESSIBILIT\u00c0 - Il Giardino Dei Tarocchi - Official Website\" \/>\n<meta property=\"og:description\" content=\"ACCESSIBILIT\u00c0___ La Fondazione Giardino dei Tarocchi informa che l&#8217;accessibilit\u00e0 al parco del museo per i visitatori con gravi disabilit\u00e0 motorie \u00e8 limitata, a causa della morfologia del parco del museo su cui si trovano le sculture.Il visitatore pu\u00f2 accedere solo &hellip; Continue reading &rarr;\" \/>\n<meta property=\"og:url\" content=\"https:\/\/ilgiardinodeitarocchi.it\/fr\/accessibilita\/\" \/>\n<meta property=\"og:site_name\" content=\"Il Giardino Dei Tarocchi - Official Website\" \/>\n<meta property=\"article:modified_time\" content=\"2025-01-30T13:14:05+00:00\" \/>\n<meta name=\"twitter:label1\" content=\"Dur\u00e9e de lecture estim\u00e9e\" \/>\n\t<meta name=\"twitter:data1\" content=\"2 minutes\" \/>\n<script type=\"application\/ld+json\" class=\"yoast-schema-graph\">{\"@context\":\"https:\/\/schema.org\",\"@graph\":[{\"@type\":\"WebPage\",\"@id\":\"https:\/\/ilgiardinodeitarocchi.it\/accessibilita\/\",\"url\":\"https:\/\/ilgiardinodeitarocchi.it\/accessibilita\/\",\"name\":\"ACCESSIBILIT\u00c0 - Il Giardino Dei Tarocchi - Official Website\",\"isPartOf\":{\"@id\":\"https:\/\/ilgiardinodeitarocchi.it\/#website\"},\"datePublished\":\"2021-08-03T11:07:42+00:00\",\"dateModified\":\"2025-01-30T13:14:05+00:00\",\"breadcrumb\":{\"@id\":\"https:\/\/ilgiardinodeitarocchi.it\/accessibilita\/#breadcrumb\"},\"inLanguage\":\"fr-FR\",\"potentialAction\":[{\"@type\":\"ReadAction\",\"target\":[\"https:\/\/ilgiardinodeitarocchi.it\/accessibilita\/\"]}]},{\"@type\":\"BreadcrumbList\",\"@id\":\"https:\/\/ilgiardinodeitarocchi.it\/accessibilita\/#breadcrumb\",\"itemListElement\":[{\"@type\":\"ListItem\",\"position\":1,\"name\":\"Home\",\"item\":\"https:\/\/ilgiardinodeitarocchi.it\/\"},{\"@type\":\"ListItem\",\"position\":2,\"name\":\"ACCESSIBILIT\u00c0\"}]},{\"@type\":\"WebSite\",\"@id\":\"https:\/\/ilgiardinodeitarocchi.it\/#website\",\"url\":\"https:\/\/ilgiardinodeitarocchi.it\/\",\"name\":\"Il Giardino Dei Tarocchi - Official Website\",\"description\":\"Sito ufficiale del Giardino dei Tarocchi di Niki De Saint Phalle\",\"potentialAction\":[{\"@type\":\"SearchAction\",\"target\":{\"@type\":\"EntryPoint\",\"urlTemplate\":\"https:\/\/ilgiardinodeitarocchi.it\/?s={search_term_string}\"},\"query-input\":\"required name=search_term_string\"}],\"inLanguage\":\"fr-FR\"}]}<\/script>\n<!-- \/ Yoast SEO plugin. -->","yoast_head_json":{"title":"ACCESSIBILIT\u00c0 - Il Giardino Dei Tarocchi - Official Website","robots":{"index":"index","follow":"follow","max-snippet":"max-snippet:-1","max-image-preview":"max-image-preview:large","max-video-preview":"max-video-preview:-1"},"canonical":"https:\/\/ilgiardinodeitarocchi.it\/fr\/accessibilita\/","og_locale":"fr_FR","og_type":"article","og_title":"ACCESSIBILIT\u00c0 - Il Giardino Dei Tarocchi - Official Website","og_description":"ACCESSIBILIT\u00c0___ La Fondazione Giardino dei Tarocchi informa che l&#8217;accessibilit\u00e0 al parco del museo per i visitatori con gravi disabilit\u00e0 motorie \u00e8 limitata, a causa della morfologia del parco del museo su cui si trovano le sculture.Il visitatore pu\u00f2 accedere solo &hellip; Continue reading &rarr;","og_url":"https:\/\/ilgiardinodeitarocchi.it\/fr\/accessibilita\/","og_site_name":"Il Giardino Dei Tarocchi - Official Website","article_modified_time":"2025-01-30T13:14:05+00:00","twitter_misc":{"Dur\u00e9e de lecture estim\u00e9e":"2 minutes"},"schema":{"@context":"https:\/\/schema.org","@graph":[{"@type":"WebPage","@id":"https:\/\/ilgiardinodeitarocchi.it\/accessibilita\/","url":"https:\/\/ilgiardinodeitarocchi.it\/accessibilita\/","name":"ACCESSIBILIT\u00c0 - Il Giardino Dei Tarocchi - Official Website","isPartOf":{"@id":"https:\/\/ilgiardinodeitarocchi.it\/#website"},"datePublished":"2021-08-03T11:07:42+00:00","dateModified":"2025-01-30T13:14:05+00:00","breadcrumb":{"@id":"https:\/\/ilgiardinodeitarocchi.it\/accessibilita\/#breadcrumb"},"inLanguage":"fr-FR","potentialAction":[{"@type":"ReadAction","target":["https:\/\/ilgiardinodeitarocchi.it\/accessibilita\/"]}]},{"@type":"BreadcrumbList","@id":"https:\/\/ilgiardinodeitarocchi.it\/accessibilita\/#breadcrumb","itemListElement":[{"@type":"ListItem","position":1,"name":"Home","item":"https:\/\/ilgiardinodeitarocchi.it\/"},{"@type":"ListItem","position":2,"name":"ACCESSIBILIT\u00c0"}]},{"@type":"WebSite","@id":"https:\/\/ilgiardinodeitarocchi.it\/#website","url":"https:\/\/ilgiardinodeitarocchi.it\/","name":"Il Giardino Dei Tarocchi - Official Website","description":"Sito ufficiale del Giardino dei Tarocchi di Niki De Saint Phalle","potentialAction":[{"@type":"SearchAction","target":{"@type":"EntryPoint","urlTemplate":"https:\/\/ilgiardinodeitarocchi.it\/?s={search_term_string}"},"query-input":"required name=search_term_string"}],"inLanguage":"fr-FR"}]}},"_links":{"self":[{"href":"https:\/\/ilgiardinodeitarocchi.it\/fr\/wp-json\/wp\/v2\/pages\/2426"}],"collection":[{"href":"https:\/\/ilgiardinodeitarocchi.it\/fr\/wp-json\/wp\/v2\/pages"}],"about":[{"href":"https:\/\/ilgiardinodeitarocchi.it\/fr\/wp-json\/wp\/v2\/types\/page"}],"author":[{"embeddable":true,"href":"https:\/\/ilgiardinodeitarocchi.it\/fr\/wp-json\/wp\/v2\/users\/1"}],"replies":[{"embeddable":true,"href":"https:\/\/ilgiardinodeitarocchi.it\/fr\/wp-json\/wp\/v2\/comments?post=2426"}],"version-history":[{"count":50,"href":"https:\/\/ilgiardinodeitarocchi.it\/fr\/wp-json\/wp\/v2\/pages\/2426\/revisions"}],"predecessor-version":[{"id":3096,"href":"https:\/\/ilgiardinodeitarocchi.it\/fr\/wp-json\/wp\/v2\/pages\/2426\/revisions\/3096"}],"wp:attachment":[{"href":"https:\/\/ilgiardinodeitarocchi.it\/fr\/wp-json\/wp\/v2\/media?parent=2426"}],"curies":[{"name":"wp","href":"https:\/\/api.w.org\/{rel}","templated":true}]}}