{"id":2559,"date":"2022-02-24T14:53:11","date_gmt":"2022-02-24T13:53:11","guid":{"rendered":"https:\/\/ilgiardinodeitarocchi.smart-soluce.com\/?page_id=2559"},"modified":"2024-05-23T03:14:51","modified_gmt":"2024-05-23T01:14:51","slug":"stampa","status":"publish","type":"page","link":"https:\/\/ilgiardinodeitarocchi.it\/fr\/stampa\/","title":{"rendered":"Presse"},"content":{"rendered":"<h1 class=\"wp-block-heading\">CONTACT PRESSE<\/h1>\n<p><a href=\"\/fr\/ma&\/#105;&#108;&#116;&#x6f;&#x3a;&#x70;&#x72;&#x65;ss&#64;&#105;&#108;&#x67;&#x69;&#x61;&#x72;&#x64;in&#111;&#100;&#101;&#x69;&#x74;&#x61;&#x72;&#x6f;cc&#104;&#105;&#46;&#x69;&#x74;\" target=\"_blank\" rel=\"noopener\">&#x70;&#x72;&#101;ss&#x40;&#x69;&#108;&#103;i&#x61;&#x72;&#100;&#105;n&#x6f;&#x64;&#x65;&#105;ta&#x72;&#x6f;&#99;&#99;h&#x69;&#x2e;&#105;&#116;<\/a><\/p>\n<p>La Fondation du Tarot Garden d\u00e9tient les droits d'auteur des \u0153uvres d'art du Tarot Garden, quel que soit le propri\u00e9taire des \u0153uvres d'art sp\u00e9cifiques. Si vous disposez d\u00e9j\u00e0 d'une image de l'\u0153uvre d'art que vous souhaitez utiliser, veuillez envoyer la mise en page PDF \u00e0 <a href=\"\/fr\/m&\/#97;&#105;&#108;&#x74;&#x6f;&#x3a;pr&#101;&#115;&#x73;&#x40;&#x69;&#x6c;gi&#97;&#114;&#x64;&#x69;&#x6e;&#x6f;d&#101;&#105;&#116;&#x61;&#x72;&#x6f;cc&#104;&#105;&#46;&#x69;&#x74;\" target=\"_blank\" rel=\"noopener\">pr&#101;&#115;&#115;&#64;&#x69;&#x6c;&#x67;&#x69;&#x61;rd&#105;&#110;&#111;&#100;&#x65;&#x69;&#x74;&#x61;&#x72;oc&#99;&#104;&#105;&#46;&#x69;&#x74;<\/a> pour approbation visuelle.<\/p>\n<p>Si vous n'avez pas d'images et que vous souhaitez que nous vous en envoyions, vous pouvez nous \u00e9crire \u00e0 l'adresse <a href=\"\/fr\/&\/#x6d;&#x61;&#105;&#108;t&#x6f;&#x3a;&#x70;&#114;es&#x73;&#x40;&#105;&#108;g&#x69;&#x61;&#x72;&#100;in&#x6f;&#x64;&#101;&#105;t&#x61;&#x72;&#x6f;&#99;ch&#x69;&#x2e;&#105;&#116;\" target=\"_blank\" rel=\"noopener\">&#112;&#114;&#x65;s&#115;&#x40;&#x69;l&#103;&#x69;&#x61;r&#100;&#x69;n&#111;&#x64;&#x65;i&#116;&#x61;&#x72;o&#99;&#x63;h&#105;&#x2e;&#x69;t<\/a> en d\u00e9taillant votre projet de publication. Ces images peuvent \u00eatre pr\u00eat\u00e9es \u00e0 titre on\u00e9reux, et un accord de pr\u00eat pour l'utilisation de l'image devra \u00eatre sign\u00e9 avec la Fondation du Jardin des Tarots. En outre, dans de nombreux cas, l'autorisation du photographe doit \u00eatre obtenue.<br \/>Pour toutes les autres \u0153uvres de l'artiste Niki de Saint Phalle, veuillez contacter la Niki Charitable Art Foundation qui d\u00e9tient les droits d'auteur des \u0153uvres de Niki de Saint Phalle : <a href=\"\/fr\/&\/#x6d;&#x61;&#105;l&#x74;&#x6f;&#58;&#97;r&#x63;&#x68;&#105;&#118;e&#x73;&#x40;&#110;ik&#x69;&#x64;&#101;s&#x61;&#x69;&#110;&#116;p&#x68;&#x61;&#108;&#108;e&#x2e;&#x6f;&#114;g\" target=\"_blank\" rel=\"noopener\">&#x61;&#114;&#x63;&#104;i&#x76;&#101;s&#x40;&#110;&#x69;&#x6b;i&#x64;&#101;s&#x61;&#105;&#x6e;&#x74;p&#x68;&#97;l&#x6c;&#101;&#46;&#x6f;&#114;&#x67;<\/a><br \/>Le Jardin des Tarots travaille en collaboration avec l'ADAGP et ses soci\u00e9t\u00e9s s\u0153urs dans le monde entier et doit \u00eatre contact\u00e9 pour toute publication de l'\u0153uvre de Niki de Saint Phalle li\u00e9e au Jardin des Tarots. L'ADAGP \u00e9valuera si des droits de licence sont dus et agira au nom de la Niki Charitable Art Foundation pour percevoir des p\u00e9nalit\u00e9s si des publications ont \u00e9t\u00e9 faites sans autorisation.<br \/>Link: <a href=\"http:\/\/www.adagp.fr\/fr\/adagp\/organisation\/contacts\" target=\"_blank\" rel=\"noopener\">http:\/\/www.adagp.fr\/fr\/adagp\/organisation\/contacts<\/a><\/p>\n<h1 class=\"wp-block-heading\">Puis-je utiliser les informations du site web ?<\/h1>\n<p>Toutes les images et informations figurant sur le site web sont prot\u00e9g\u00e9es par des droits d'auteur et cr\u00e9dit\u00e9es comme telles sur leur page respective. L'utilisation non autoris\u00e9e ou la duplication du mat\u00e9riel sans l'autorisation expresse de la Fondation du Jardin des Tarots est strictement interdite. Le contenu et les images ne peuvent \u00eatre utilis\u00e9s qu'\u00e0 des fins \u00e9ducatives et non lucratives. Le cr\u00e9dit complet doit \u00eatre donn\u00e9 \u00e0 la Fondation du Jardin des Tarots avec une indication sp\u00e9cifique du contenu original cit\u00e9.<\/p>","protected":false},"excerpt":{"rendered":"<p>CONTATTO CON LA STAMPA &#x70;&#x72;&#x65;&#x73;&#x73;&#64;&#105;&#108;&#103;iar&#x64;&#x69;&#x6e;&#x6f;&#x64;&#x65;&#105;&#116;&#97;roc&#x63;&#x68;&#x69;&#x2e;&#x69;&#x74; La Fondazione del Giardino dei Tarocchi detiene il copyright delle opere d&#8217;arte del Giardino dei Tarocchi, indipendentemente da chi possiede specifiche opere d&#8217;arte. Se hai gi\u00e0 un&#8217;immagine dell&#8217;opera d&#8217;arte che vuoi usare, per favore invia &hellip; <a href=\"https:\/\/ilgiardinodeitarocchi.it\/fr\/stampa\/\">Continue reading <span class=\"meta-nav\">&rarr;<\/span><\/a><\/p>","protected":false},"author":1,"featured_media":0,"parent":0,"menu_order":0,"comment_status":"closed","ping_status":"closed","template":"","meta":{"_acf_changed":false,"footnotes":""},"acf":[],"yoast_head":"<!-- This site is optimized with the Yoast SEO plugin v22.7 - https:\/\/yoast.com\/wordpress\/plugins\/seo\/ -->\n<title>Stampa - Il Giardino Dei Tarocchi - Official Website<\/title>\n<meta name=\"robots\" content=\"index, follow, max-snippet:-1, max-image-preview:large, max-video-preview:-1\" \/>\n<link rel=\"canonical\" href=\"https:\/\/ilgiardinodeitarocchi.it\/fr\/stampa\/\" \/>\n<meta property=\"og:locale\" content=\"fr_FR\" \/>\n<meta property=\"og:type\" content=\"article\" \/>\n<meta property=\"og:title\" content=\"Stampa - Il Giardino Dei Tarocchi - Official Website\" \/>\n<meta property=\"og:description\" content=\"CONTATTO CON LA STAMPA &#112;&#x72;&#101;&#x73;&#115;&#x40;&#105;&#x6c;&#103;&#x69;&#097;&#x72;&#100;&#x69;&#110;&#x6f;&#100;&#x65;&#105;&#x74;&#097;&#x72;&#111;&#x63;&#099;&#x68;&#105;&#x2e;&#105;&#x74; La Fondazione del Giardino dei Tarocchi detiene il copyright delle opere d&#8217;arte del Giardino dei Tarocchi, indipendentemente da chi possiede specifiche opere d&#8217;arte. Se hai gi\u00e0 un&#8217;immagine dell&#8217;opera d&#8217;arte che vuoi usare, per favore invia &hellip; Continue reading &rarr;\" \/>\n<meta property=\"og:url\" content=\"https:\/\/ilgiardinodeitarocchi.it\/fr\/stampa\/\" \/>\n<meta property=\"og:site_name\" content=\"Il Giardino Dei Tarocchi - Official Website\" \/>\n<meta property=\"article:modified_time\" content=\"2024-05-23T01:14:51+00:00\" \/>\n<meta name=\"twitter:label1\" content=\"Dur\u00e9e de lecture estim\u00e9e\" \/>\n\t<meta name=\"twitter:data1\" content=\"2 minutes\" \/>\n<script type=\"application\/ld+json\" class=\"yoast-schema-graph\">{\"@context\":\"https:\/\/schema.org\",\"@graph\":[{\"@type\":\"WebPage\",\"@id\":\"https:\/\/ilgiardinodeitarocchi.it\/stampa\/\",\"url\":\"https:\/\/ilgiardinodeitarocchi.it\/stampa\/\",\"name\":\"Stampa - Il Giardino Dei Tarocchi - Official Website\",\"isPartOf\":{\"@id\":\"https:\/\/ilgiardinodeitarocchi.it\/#website\"},\"datePublished\":\"2022-02-24T13:53:11+00:00\",\"dateModified\":\"2024-05-23T01:14:51+00:00\",\"breadcrumb\":{\"@id\":\"https:\/\/ilgiardinodeitarocchi.it\/stampa\/#breadcrumb\"},\"inLanguage\":\"fr-FR\",\"potentialAction\":[{\"@type\":\"ReadAction\",\"target\":[\"https:\/\/ilgiardinodeitarocchi.it\/stampa\/\"]}]},{\"@type\":\"BreadcrumbList\",\"@id\":\"https:\/\/ilgiardinodeitarocchi.it\/stampa\/#breadcrumb\",\"itemListElement\":[{\"@type\":\"ListItem\",\"position\":1,\"name\":\"Home\",\"item\":\"https:\/\/ilgiardinodeitarocchi.it\/\"},{\"@type\":\"ListItem\",\"position\":2,\"name\":\"Stampa\"}]},{\"@type\":\"WebSite\",\"@id\":\"https:\/\/ilgiardinodeitarocchi.it\/#website\",\"url\":\"https:\/\/ilgiardinodeitarocchi.it\/\",\"name\":\"Il Giardino Dei Tarocchi - Official Website\",\"description\":\"Sito ufficiale del Giardino dei Tarocchi di Niki De Saint Phalle\",\"potentialAction\":[{\"@type\":\"SearchAction\",\"target\":{\"@type\":\"EntryPoint\",\"urlTemplate\":\"https:\/\/ilgiardinodeitarocchi.it\/?s={search_term_string}\"},\"query-input\":\"required name=search_term_string\"}],\"inLanguage\":\"fr-FR\"}]}<\/script>\n<!-- \/ Yoast SEO plugin. -->","yoast_head_json":{"title":"Stampa - Il Giardino Dei Tarocchi - Official Website","robots":{"index":"index","follow":"follow","max-snippet":"max-snippet:-1","max-image-preview":"max-image-preview:large","max-video-preview":"max-video-preview:-1"},"canonical":"https:\/\/ilgiardinodeitarocchi.it\/fr\/stampa\/","og_locale":"fr_FR","og_type":"article","og_title":"Stampa - Il Giardino Dei Tarocchi - Official Website","og_description":"CONTATTO CON LA STAMPA &#112;&#x72;&#101;&#x73;&#115;&#x40;&#105;&#x6c;&#103;&#x69;&#97;&#x72;&#100;&#x69;&#110;&#x6f;&#100;&#x65;&#105;&#x74;&#97;&#x72;&#111;&#x63;&#99;&#x68;&#105;&#x2e;&#105;&#x74; La Fondazione del Giardino dei Tarocchi detiene il copyright delle opere d&#8217;arte del Giardino dei Tarocchi, indipendentemente da chi possiede specifiche opere d&#8217;arte. Se hai gi\u00e0 un&#8217;immagine dell&#8217;opera d&#8217;arte che vuoi usare, per favore invia &hellip; Continue reading &rarr;","og_url":"https:\/\/ilgiardinodeitarocchi.it\/fr\/stampa\/","og_site_name":"Il Giardino Dei Tarocchi - Official Website","article_modified_time":"2024-05-23T01:14:51+00:00","twitter_misc":{"Dur\u00e9e de lecture estim\u00e9e":"2 minutes"},"schema":{"@context":"https:\/\/schema.org","@graph":[{"@type":"WebPage","@id":"https:\/\/ilgiardinodeitarocchi.it\/stampa\/","url":"https:\/\/ilgiardinodeitarocchi.it\/stampa\/","name":"Stampa - Il Giardino Dei Tarocchi - Official Website","isPartOf":{"@id":"https:\/\/ilgiardinodeitarocchi.it\/#website"},"datePublished":"2022-02-24T13:53:11+00:00","dateModified":"2024-05-23T01:14:51+00:00","breadcrumb":{"@id":"https:\/\/ilgiardinodeitarocchi.it\/stampa\/#breadcrumb"},"inLanguage":"fr-FR","potentialAction":[{"@type":"ReadAction","target":["https:\/\/ilgiardinodeitarocchi.it\/stampa\/"]}]},{"@type":"BreadcrumbList","@id":"https:\/\/ilgiardinodeitarocchi.it\/stampa\/#breadcrumb","itemListElement":[{"@type":"ListItem","position":1,"name":"Home","item":"https:\/\/ilgiardinodeitarocchi.it\/"},{"@type":"ListItem","position":2,"name":"Stampa"}]},{"@type":"WebSite","@id":"https:\/\/ilgiardinodeitarocchi.it\/#website","url":"https:\/\/ilgiardinodeitarocchi.it\/","name":"Il Giardino Dei Tarocchi - Official Website","description":"Sito ufficiale del Giardino dei Tarocchi di Niki De Saint Phalle","potentialAction":[{"@type":"SearchAction","target":{"@type":"EntryPoint","urlTemplate":"https:\/\/ilgiardinodeitarocchi.it\/?s={search_term_string}"},"query-input":"required name=search_term_string"}],"inLanguage":"fr-FR"}]}},"_links":{"self":[{"href":"https:\/\/ilgiardinodeitarocchi.it\/fr\/wp-json\/wp\/v2\/pages\/2559"}],"collection":[{"href":"https:\/\/ilgiardinodeitarocchi.it\/fr\/wp-json\/wp\/v2\/pages"}],"about":[{"href":"https:\/\/ilgiardinodeitarocchi.it\/fr\/wp-json\/wp\/v2\/types\/page"}],"author":[{"embeddable":true,"href":"https:\/\/ilgiardinodeitarocchi.it\/fr\/wp-json\/wp\/v2\/users\/1"}],"replies":[{"embeddable":true,"href":"https:\/\/ilgiardinodeitarocchi.it\/fr\/wp-json\/wp\/v2\/comments?post=2559"}],"version-history":[{"count":21,"href":"https:\/\/ilgiardinodeitarocchi.it\/fr\/wp-json\/wp\/v2\/pages\/2559\/revisions"}],"predecessor-version":[{"id":2988,"href":"https:\/\/ilgiardinodeitarocchi.it\/fr\/wp-json\/wp\/v2\/pages\/2559\/revisions\/2988"}],"wp:attachment":[{"href":"https:\/\/ilgiardinodeitarocchi.it\/fr\/wp-json\/wp\/v2\/media?parent=2559"}],"curies":[{"name":"wp","href":"https:\/\/api.w.org\/{rel}","templated":true}]}}