{"id":2614,"date":"2022-02-25T16:00:53","date_gmt":"2022-02-25T15:00:53","guid":{"rendered":"https:\/\/ilgiardinodeitarocchi.smart-soluce.com\/?page_id=2614"},"modified":"2024-05-23T03:03:44","modified_gmt":"2024-05-23T01:03:44","slug":"la-fondazione","status":"publish","type":"page","link":"https:\/\/ilgiardinodeitarocchi.it\/fr\/la-fondazione\/","title":{"rendered":"La Fondation"},"content":{"rendered":"<h2 class=\"wp-block-heading\">La Fondation du Jardin des Tarots<br \/>_____<\/h2>\n<p>Niki de Saint Phalle a toujours consid\u00e9r\u00e9 le Jardin des Tarots comme l'\u0153uvre de sa vie.<\/p>\n<p>Pendant plus de 20 ans, Saint Phalle a travaill\u00e9 sans rel\u00e2che \u00e0 la cr\u00e9ation et \u00e0 la construction des sculptures, allant jusqu'\u00e0 habiter pendant des ann\u00e9es \u00e0 l'int\u00e9rieur de l'Imp\u00e9ratrice. Elle a trouv\u00e9 divers moyens de payer sa cr\u00e9ation en toute ind\u00e9pendance, par son travail. Tout au long de ses ann\u00e9es dans la Maremma, elle a cr\u00e9\u00e9 une \u00e9quipe locale, pour la plupart toujours active aujourd'hui. Elle a \u00e9galement invit\u00e9 une petite s\u00e9lection d'artistes \u00e0 participer.<\/p>\n<p>Niki de Saint Phalle a imagin\u00e9 et con\u00e7u une \" promenade \u00e9sot\u00e9rique entre nature et culture \". Afin de pr\u00e9server son Jardin des Tarots, elle a cr\u00e9\u00e9 une fondation en 1999, d\u00e9sign\u00e9 personnellement les membres du conseil d'administration et fix\u00e9 clairement sa mission : la pr\u00e9servation !<\/p>\n<p>Selon la volont\u00e9 de Saint Phalle, le d\u00e9tenteur d\u00e9sign\u00e9 de son droit moral est devenu, \u00e0 sa mort, le pr\u00e9sident du Jardin des Tarots.<br \/>Le conseil d'administration se r\u00e9unit au moins une fois par an.<\/p>\n<p><strong>Les Missions principales de la Fondation sont :<\/strong><br \/>\u201cPr\u00e9server et maintenir l'esprit de l'ensemble et des \u0153uvres qui le composent pour les g\u00e9n\u00e9rations futures dans l'\u00e9tat o\u00f9 il se trouve au moment de sa mort.\u201d.<br \/>\u201cOuvrir le mus\u00e9e au public\u201d.<br \/>\u201cAssurer la gestion et l'entretien de l'ensemble.\u201d.<\/p>","protected":false},"excerpt":{"rendered":"<p>La Fondazione Il Giardino dei Tarocchi_____ Niki de Saint Phalle ha sempre considerato il Giardino dei Tarocchi il lavoro della sua vita. Per oltre 20 anni, Saint Phalle ha lavorato instancabilmente per creare e costruire le sculture, vivendo anche per &hellip; <a href=\"https:\/\/ilgiardinodeitarocchi.it\/fr\/la-fondazione\/\">Continue reading <span class=\"meta-nav\">&rarr;<\/span><\/a><\/p>","protected":false},"author":1,"featured_media":0,"parent":0,"menu_order":0,"comment_status":"closed","ping_status":"closed","template":"","meta":{"_acf_changed":false,"footnotes":""},"acf":[],"yoast_head":"<!-- This site is optimized with the Yoast SEO plugin v22.7 - https:\/\/yoast.com\/wordpress\/plugins\/seo\/ -->\n<title>La Fondazione - Il Giardino Dei Tarocchi - Official Website<\/title>\n<meta name=\"robots\" content=\"index, follow, max-snippet:-1, max-image-preview:large, max-video-preview:-1\" \/>\n<link rel=\"canonical\" href=\"https:\/\/ilgiardinodeitarocchi.it\/fr\/la-fondazione\/\" \/>\n<meta property=\"og:locale\" content=\"fr_FR\" \/>\n<meta property=\"og:type\" content=\"article\" \/>\n<meta property=\"og:title\" content=\"La Fondazione - Il Giardino Dei Tarocchi - Official Website\" \/>\n<meta property=\"og:description\" content=\"La Fondazione Il Giardino dei Tarocchi_____ Niki de Saint Phalle ha sempre considerato il Giardino dei Tarocchi il lavoro della sua vita. Per oltre 20 anni, Saint Phalle ha lavorato instancabilmente per creare e costruire le sculture, vivendo anche per &hellip; Continue reading &rarr;\" \/>\n<meta property=\"og:url\" content=\"https:\/\/ilgiardinodeitarocchi.it\/fr\/la-fondazione\/\" \/>\n<meta property=\"og:site_name\" content=\"Il Giardino Dei Tarocchi - Official Website\" \/>\n<meta property=\"article:modified_time\" content=\"2024-05-23T01:03:44+00:00\" \/>\n<meta name=\"twitter:label1\" content=\"Dur\u00e9e de lecture estim\u00e9e\" \/>\n\t<meta name=\"twitter:data1\" content=\"1 minute\" \/>\n<script type=\"application\/ld+json\" class=\"yoast-schema-graph\">{\"@context\":\"https:\/\/schema.org\",\"@graph\":[{\"@type\":\"WebPage\",\"@id\":\"https:\/\/ilgiardinodeitarocchi.it\/la-fondazione\/\",\"url\":\"https:\/\/ilgiardinodeitarocchi.it\/la-fondazione\/\",\"name\":\"La Fondazione - Il Giardino Dei Tarocchi - Official Website\",\"isPartOf\":{\"@id\":\"https:\/\/ilgiardinodeitarocchi.it\/#website\"},\"datePublished\":\"2022-02-25T15:00:53+00:00\",\"dateModified\":\"2024-05-23T01:03:44+00:00\",\"breadcrumb\":{\"@id\":\"https:\/\/ilgiardinodeitarocchi.it\/la-fondazione\/#breadcrumb\"},\"inLanguage\":\"fr-FR\",\"potentialAction\":[{\"@type\":\"ReadAction\",\"target\":[\"https:\/\/ilgiardinodeitarocchi.it\/la-fondazione\/\"]}]},{\"@type\":\"BreadcrumbList\",\"@id\":\"https:\/\/ilgiardinodeitarocchi.it\/la-fondazione\/#breadcrumb\",\"itemListElement\":[{\"@type\":\"ListItem\",\"position\":1,\"name\":\"Home\",\"item\":\"https:\/\/ilgiardinodeitarocchi.it\/\"},{\"@type\":\"ListItem\",\"position\":2,\"name\":\"La Fondazione\"}]},{\"@type\":\"WebSite\",\"@id\":\"https:\/\/ilgiardinodeitarocchi.it\/#website\",\"url\":\"https:\/\/ilgiardinodeitarocchi.it\/\",\"name\":\"Il Giardino Dei Tarocchi - Official Website\",\"description\":\"Sito ufficiale del Giardino dei Tarocchi di Niki De Saint Phalle\",\"potentialAction\":[{\"@type\":\"SearchAction\",\"target\":{\"@type\":\"EntryPoint\",\"urlTemplate\":\"https:\/\/ilgiardinodeitarocchi.it\/?s={search_term_string}\"},\"query-input\":\"required name=search_term_string\"}],\"inLanguage\":\"fr-FR\"}]}<\/script>\n<!-- \/ Yoast SEO plugin. -->","yoast_head_json":{"title":"La Fondazione - Il Giardino Dei Tarocchi - Official Website","robots":{"index":"index","follow":"follow","max-snippet":"max-snippet:-1","max-image-preview":"max-image-preview:large","max-video-preview":"max-video-preview:-1"},"canonical":"https:\/\/ilgiardinodeitarocchi.it\/fr\/la-fondazione\/","og_locale":"fr_FR","og_type":"article","og_title":"La Fondazione - Il Giardino Dei Tarocchi - Official Website","og_description":"La Fondazione Il Giardino dei Tarocchi_____ Niki de Saint Phalle ha sempre considerato il Giardino dei Tarocchi il lavoro della sua vita. Per oltre 20 anni, Saint Phalle ha lavorato instancabilmente per creare e costruire le sculture, vivendo anche per &hellip; Continue reading &rarr;","og_url":"https:\/\/ilgiardinodeitarocchi.it\/fr\/la-fondazione\/","og_site_name":"Il Giardino Dei Tarocchi - Official Website","article_modified_time":"2024-05-23T01:03:44+00:00","twitter_misc":{"Dur\u00e9e de lecture estim\u00e9e":"1 minute"},"schema":{"@context":"https:\/\/schema.org","@graph":[{"@type":"WebPage","@id":"https:\/\/ilgiardinodeitarocchi.it\/la-fondazione\/","url":"https:\/\/ilgiardinodeitarocchi.it\/la-fondazione\/","name":"La Fondazione - Il Giardino Dei Tarocchi - Official Website","isPartOf":{"@id":"https:\/\/ilgiardinodeitarocchi.it\/#website"},"datePublished":"2022-02-25T15:00:53+00:00","dateModified":"2024-05-23T01:03:44+00:00","breadcrumb":{"@id":"https:\/\/ilgiardinodeitarocchi.it\/la-fondazione\/#breadcrumb"},"inLanguage":"fr-FR","potentialAction":[{"@type":"ReadAction","target":["https:\/\/ilgiardinodeitarocchi.it\/la-fondazione\/"]}]},{"@type":"BreadcrumbList","@id":"https:\/\/ilgiardinodeitarocchi.it\/la-fondazione\/#breadcrumb","itemListElement":[{"@type":"ListItem","position":1,"name":"Home","item":"https:\/\/ilgiardinodeitarocchi.it\/"},{"@type":"ListItem","position":2,"name":"La Fondazione"}]},{"@type":"WebSite","@id":"https:\/\/ilgiardinodeitarocchi.it\/#website","url":"https:\/\/ilgiardinodeitarocchi.it\/","name":"Il Giardino Dei Tarocchi - Official Website","description":"Sito ufficiale del Giardino dei Tarocchi di Niki De Saint Phalle","potentialAction":[{"@type":"SearchAction","target":{"@type":"EntryPoint","urlTemplate":"https:\/\/ilgiardinodeitarocchi.it\/?s={search_term_string}"},"query-input":"required name=search_term_string"}],"inLanguage":"fr-FR"}]}},"_links":{"self":[{"href":"https:\/\/ilgiardinodeitarocchi.it\/fr\/wp-json\/wp\/v2\/pages\/2614"}],"collection":[{"href":"https:\/\/ilgiardinodeitarocchi.it\/fr\/wp-json\/wp\/v2\/pages"}],"about":[{"href":"https:\/\/ilgiardinodeitarocchi.it\/fr\/wp-json\/wp\/v2\/types\/page"}],"author":[{"embeddable":true,"href":"https:\/\/ilgiardinodeitarocchi.it\/fr\/wp-json\/wp\/v2\/users\/1"}],"replies":[{"embeddable":true,"href":"https:\/\/ilgiardinodeitarocchi.it\/fr\/wp-json\/wp\/v2\/comments?post=2614"}],"version-history":[{"count":15,"href":"https:\/\/ilgiardinodeitarocchi.it\/fr\/wp-json\/wp\/v2\/pages\/2614\/revisions"}],"predecessor-version":[{"id":2981,"href":"https:\/\/ilgiardinodeitarocchi.it\/fr\/wp-json\/wp\/v2\/pages\/2614\/revisions\/2981"}],"wp:attachment":[{"href":"https:\/\/ilgiardinodeitarocchi.it\/fr\/wp-json\/wp\/v2\/media?parent=2614"}],"curies":[{"name":"wp","href":"https:\/\/api.w.org\/{rel}","templated":true}]}}