{"id":2651,"date":"2022-03-24T11:10:50","date_gmt":"2022-03-24T10:10:50","guid":{"rendered":"https:\/\/ilgiardinodeitarocchi.smart-soluce.com\/?page_id=2651"},"modified":"2025-01-30T15:07:26","modified_gmt":"2025-01-30T14:07:26","slug":"gruppi-e-scuole","status":"publish","type":"page","link":"https:\/\/ilgiardinodeitarocchi.it\/fr\/gruppi-e-scuole\/","title":{"rendered":"GROUPES ET SCOLAIRES"},"content":{"rendered":"<h2>GROUPES ET SCOLAIRES<br \/>\n_____<\/h2>\n<p>Les groupes de plus de 25 personnes paient 10,00\u20ac par visiteur.<\/p>\n<p>Les groupes scolaires paient 8,00 \u20ac par \u00e9l\u00e8ve ; un accompagnateur adulte par tranche de 10 \u00e9l\u00e8ves b\u00e9n\u00e9ficie d'une entr\u00e9e gratuite.<br \/>\nLes \u00e9coles maternelles benficient d'un acc\u00e8s gratuit au jardin, la r\u00e9s\u00e9rvation reste obligatoire; un accompagnateur par tranche de 10 \u00e9l\u00e8ves b\u00e9n\u00e9ficie d'une entr\u00e9e gratuite.<\/p>\n<p class=\" translation-block\">Les personnes souffrant d'un handicap sup\u00e9rieur \u00e0 67 % + enseignant de soutien ont un acc\u00e8s gratuit.\nPour les personnes en fauteuil roulant, veuillez nous contacter car depuis cette ann\u00e9e, il existe une proc\u00e9dure sp\u00e9ciale pour l'acc\u00e8s des fauteuils roulants, qui reste partielle en raison de probl\u00e8mes li\u00e9s \u00e0 la pente du terrain, mais qui permet d'acc\u00e9der \u00e0 certaines parties hautes du parc d'art. reservation@ilgiardinodeitarocchi.it\nPlus d'informations sous Accessibilit\u00e9<\/p>\n<p>Il y a 120 billets disponibles \u00e0 chaque heure d'entr\u00e9e. Si vous pouvez acheter les billets que vous voulez en m\u00eame temps (nous vous recommandons de les acheter quelques jours \u00e0 l'avance pour qu'il y ait plus de billets disponibles), vous pouvez entrer tous ensemble, sinon vous pouvez les acheter \u00e0 deux heures diff\u00e9rentes et entrer par \u00e9tapes, ou deux groupes \u00e0 deux jours diff\u00e9rents.<\/p>\n<p>Le guide qui accompagne le groupe doit suivre un r\u00e8glement interne qui lui sera indiqu\u00e9 par les employ\u00e9s du Jardin.<\/p>","protected":false},"excerpt":{"rendered":"<p>GRUPPI E SCUOLE _____ I gruppi sopra le 25 persone pagano 10.00\u20ac Le scolaresche (scuole elementari, medie e superiori) pagano 8.00\u20ac a studente, un accompagnatore ogni 10 studenti ha l\u2019ingresso gratuito. Le scuole dell&#8217;infanzia accedono gratuitamente, la prenotazione resta obbligatoria; &hellip; <a href=\"https:\/\/ilgiardinodeitarocchi.it\/fr\/gruppi-e-scuole\/\">Continue reading <span class=\"meta-nav\">&rarr;<\/span><\/a><\/p>","protected":false},"author":1,"featured_media":0,"parent":0,"menu_order":0,"comment_status":"closed","ping_status":"closed","template":"","meta":{"_acf_changed":false,"footnotes":""},"acf":[],"yoast_head":"<!-- This site is optimized with the Yoast SEO plugin v22.7 - https:\/\/yoast.com\/wordpress\/plugins\/seo\/ -->\n<title>GRUPPI e SCUOLE - Il Giardino Dei Tarocchi - Official Website<\/title>\n<meta name=\"robots\" content=\"index, follow, max-snippet:-1, max-image-preview:large, max-video-preview:-1\" \/>\n<link rel=\"canonical\" href=\"https:\/\/ilgiardinodeitarocchi.it\/fr\/gruppi-e-scuole\/\" \/>\n<meta property=\"og:locale\" content=\"fr_FR\" \/>\n<meta property=\"og:type\" content=\"article\" \/>\n<meta property=\"og:title\" content=\"GRUPPI e SCUOLE - Il Giardino Dei Tarocchi - Official Website\" \/>\n<meta property=\"og:description\" content=\"GRUPPI E SCUOLE _____ I gruppi sopra le 25 persone pagano 10.00\u20ac Le scolaresche (scuole elementari, medie e superiori) pagano 8.00\u20ac a studente, un accompagnatore ogni 10 studenti ha l\u2019ingresso gratuito. Le scuole dell&#8217;infanzia accedono gratuitamente, la prenotazione resta obbligatoria; &hellip; Continue reading &rarr;\" \/>\n<meta property=\"og:url\" content=\"https:\/\/ilgiardinodeitarocchi.it\/fr\/gruppi-e-scuole\/\" \/>\n<meta property=\"og:site_name\" content=\"Il Giardino Dei Tarocchi - Official Website\" \/>\n<meta property=\"article:modified_time\" content=\"2025-01-30T14:07:26+00:00\" \/>\n<meta name=\"twitter:label1\" content=\"Dur\u00e9e de lecture estim\u00e9e\" \/>\n\t<meta name=\"twitter:data1\" content=\"1 minute\" \/>\n<script type=\"application\/ld+json\" class=\"yoast-schema-graph\">{\"@context\":\"https:\/\/schema.org\",\"@graph\":[{\"@type\":\"WebPage\",\"@id\":\"https:\/\/ilgiardinodeitarocchi.it\/gruppi-e-scuole\/\",\"url\":\"https:\/\/ilgiardinodeitarocchi.it\/gruppi-e-scuole\/\",\"name\":\"GRUPPI e SCUOLE - Il Giardino Dei Tarocchi - Official Website\",\"isPartOf\":{\"@id\":\"https:\/\/ilgiardinodeitarocchi.it\/#website\"},\"datePublished\":\"2022-03-24T10:10:50+00:00\",\"dateModified\":\"2025-01-30T14:07:26+00:00\",\"breadcrumb\":{\"@id\":\"https:\/\/ilgiardinodeitarocchi.it\/gruppi-e-scuole\/#breadcrumb\"},\"inLanguage\":\"fr-FR\",\"potentialAction\":[{\"@type\":\"ReadAction\",\"target\":[\"https:\/\/ilgiardinodeitarocchi.it\/gruppi-e-scuole\/\"]}]},{\"@type\":\"BreadcrumbList\",\"@id\":\"https:\/\/ilgiardinodeitarocchi.it\/gruppi-e-scuole\/#breadcrumb\",\"itemListElement\":[{\"@type\":\"ListItem\",\"position\":1,\"name\":\"Home\",\"item\":\"https:\/\/ilgiardinodeitarocchi.it\/\"},{\"@type\":\"ListItem\",\"position\":2,\"name\":\"GRUPPI e SCUOLE\"}]},{\"@type\":\"WebSite\",\"@id\":\"https:\/\/ilgiardinodeitarocchi.it\/#website\",\"url\":\"https:\/\/ilgiardinodeitarocchi.it\/\",\"name\":\"Il Giardino Dei Tarocchi - Official Website\",\"description\":\"Sito ufficiale del Giardino dei Tarocchi di Niki De Saint Phalle\",\"potentialAction\":[{\"@type\":\"SearchAction\",\"target\":{\"@type\":\"EntryPoint\",\"urlTemplate\":\"https:\/\/ilgiardinodeitarocchi.it\/?s={search_term_string}\"},\"query-input\":\"required name=search_term_string\"}],\"inLanguage\":\"fr-FR\"}]}<\/script>\n<!-- \/ Yoast SEO plugin. -->","yoast_head_json":{"title":"GRUPPI e SCUOLE - Il Giardino Dei Tarocchi - Official Website","robots":{"index":"index","follow":"follow","max-snippet":"max-snippet:-1","max-image-preview":"max-image-preview:large","max-video-preview":"max-video-preview:-1"},"canonical":"https:\/\/ilgiardinodeitarocchi.it\/fr\/gruppi-e-scuole\/","og_locale":"fr_FR","og_type":"article","og_title":"GRUPPI e SCUOLE - Il Giardino Dei Tarocchi - Official Website","og_description":"GRUPPI E SCUOLE _____ I gruppi sopra le 25 persone pagano 10.00\u20ac Le scolaresche (scuole elementari, medie e superiori) pagano 8.00\u20ac a studente, un accompagnatore ogni 10 studenti ha l\u2019ingresso gratuito. Le scuole dell&#8217;infanzia accedono gratuitamente, la prenotazione resta obbligatoria; &hellip; Continue reading &rarr;","og_url":"https:\/\/ilgiardinodeitarocchi.it\/fr\/gruppi-e-scuole\/","og_site_name":"Il Giardino Dei Tarocchi - Official Website","article_modified_time":"2025-01-30T14:07:26+00:00","twitter_misc":{"Dur\u00e9e de lecture estim\u00e9e":"1 minute"},"schema":{"@context":"https:\/\/schema.org","@graph":[{"@type":"WebPage","@id":"https:\/\/ilgiardinodeitarocchi.it\/gruppi-e-scuole\/","url":"https:\/\/ilgiardinodeitarocchi.it\/gruppi-e-scuole\/","name":"GRUPPI e SCUOLE - Il Giardino Dei Tarocchi - Official Website","isPartOf":{"@id":"https:\/\/ilgiardinodeitarocchi.it\/#website"},"datePublished":"2022-03-24T10:10:50+00:00","dateModified":"2025-01-30T14:07:26+00:00","breadcrumb":{"@id":"https:\/\/ilgiardinodeitarocchi.it\/gruppi-e-scuole\/#breadcrumb"},"inLanguage":"fr-FR","potentialAction":[{"@type":"ReadAction","target":["https:\/\/ilgiardinodeitarocchi.it\/gruppi-e-scuole\/"]}]},{"@type":"BreadcrumbList","@id":"https:\/\/ilgiardinodeitarocchi.it\/gruppi-e-scuole\/#breadcrumb","itemListElement":[{"@type":"ListItem","position":1,"name":"Home","item":"https:\/\/ilgiardinodeitarocchi.it\/"},{"@type":"ListItem","position":2,"name":"GRUPPI e SCUOLE"}]},{"@type":"WebSite","@id":"https:\/\/ilgiardinodeitarocchi.it\/#website","url":"https:\/\/ilgiardinodeitarocchi.it\/","name":"Il Giardino Dei Tarocchi - Official Website","description":"Sito ufficiale del Giardino dei Tarocchi di Niki De Saint Phalle","potentialAction":[{"@type":"SearchAction","target":{"@type":"EntryPoint","urlTemplate":"https:\/\/ilgiardinodeitarocchi.it\/?s={search_term_string}"},"query-input":"required name=search_term_string"}],"inLanguage":"fr-FR"}]}},"_links":{"self":[{"href":"https:\/\/ilgiardinodeitarocchi.it\/fr\/wp-json\/wp\/v2\/pages\/2651"}],"collection":[{"href":"https:\/\/ilgiardinodeitarocchi.it\/fr\/wp-json\/wp\/v2\/pages"}],"about":[{"href":"https:\/\/ilgiardinodeitarocchi.it\/fr\/wp-json\/wp\/v2\/types\/page"}],"author":[{"embeddable":true,"href":"https:\/\/ilgiardinodeitarocchi.it\/fr\/wp-json\/wp\/v2\/users\/1"}],"replies":[{"embeddable":true,"href":"https:\/\/ilgiardinodeitarocchi.it\/fr\/wp-json\/wp\/v2\/comments?post=2651"}],"version-history":[{"count":21,"href":"https:\/\/ilgiardinodeitarocchi.it\/fr\/wp-json\/wp\/v2\/pages\/2651\/revisions"}],"predecessor-version":[{"id":3075,"href":"https:\/\/ilgiardinodeitarocchi.it\/fr\/wp-json\/wp\/v2\/pages\/2651\/revisions\/3075"}],"wp:attachment":[{"href":"https:\/\/ilgiardinodeitarocchi.it\/fr\/wp-json\/wp\/v2\/media?parent=2651"}],"curies":[{"name":"wp","href":"https:\/\/api.w.org\/{rel}","templated":true}]}}